{"id":6071,"date":"2021-01-24T10:33:50","date_gmt":"2021-01-24T10:33:50","guid":{"rendered":"http:\/\/megapharm.al\/index.php\/product\/import-placeholder-for-1956\/"},"modified":"2024-10-28T17:10:04","modified_gmt":"2024-10-28T17:10:04","slug":"aesthetico-shampo-med","status":"publish","type":"product","link":"https:\/\/megapharm.al\/?product=aesthetico-shampo-med","title":{"rendered":"AESTHETICO SHAMPO MED"},"content":{"rendered":"<p>Shampo me p\u00ebrmbajtje t\u00eb leht\u00eb te vajit argjilor p\u00ebr skalp t\u00eb that\u00eb, t\u00eb irrituar dhe me skuama.<br \/>\nP\u00ebrdorimi: Apliko nj\u00eb sasi t\u00eb vog\u00ebl shampo n\u00eb flok\u00eb t\u00eb lagur, masazho skalpin dhe l\u00ebre per 3 minuta pastaj shp\u00eblaje me uj\u00eb.<br \/>\nSasia: 200 ml<\/p>\n","protected":false},"excerpt":{"rendered":"<p>Shampo me p\u00ebrmbajtje t\u00eb leht\u00eb te vajit argjilor p\u00ebr skalp t\u00eb that\u00eb, t\u00eb irrituar dhe me skuama.<br \/>\nP\u00ebrdorimi: Apliko nj\u00eb sasi t\u00eb vog\u00ebl shampo n\u00eb flok\u00eb t\u00eb lagur, masazho skalpin dhe l\u00ebre per 3 minuta pastaj shp\u00eblaje me uj\u00eb.<br \/>\nSasia: 200 ml<\/p>\n","protected":false},"featured_media":5385,"comment_status":"open","ping_status":"closed","template":"","meta":[],"product_cat":[86],"product_tag":[],"class_list":{"0":"post-6071","1":"product","2":"type-product","3":"status-publish","4":"has-post-thumbnail","6":"product_cat-aesthetico","8":"first","9":"instock","10":"shipping-taxable","11":"product-type-simple"},"_links":{"self":[{"href":"https:\/\/megapharm.al\/index.php?rest_route=\/wp\/v2\/product\/6071","targetHints":{"allow":["GET"]}}],"collection":[{"href":"https:\/\/megapharm.al\/index.php?rest_route=\/wp\/v2\/product"}],"about":[{"href":"https:\/\/megapharm.al\/index.php?rest_route=\/wp\/v2\/types\/product"}],"replies":[{"embeddable":true,"href":"https:\/\/megapharm.al\/index.php?rest_route=%2Fwp%2Fv2%2Fcomments&post=6071"}],"wp:featuredmedia":[{"embeddable":true,"href":"https:\/\/megapharm.al\/index.php?rest_route=\/wp\/v2\/media\/5385"}],"wp:attachment":[{"href":"https:\/\/megapharm.al\/index.php?rest_route=%2Fwp%2Fv2%2Fmedia&parent=6071"}],"wp:term":[{"taxonomy":"product_cat","embeddable":true,"href":"https:\/\/megapharm.al\/index.php?rest_route=%2Fwp%2Fv2%2Fproduct_cat&post=6071"},{"taxonomy":"product_tag","embeddable":true,"href":"https:\/\/megapharm.al\/index.php?rest_route=%2Fwp%2Fv2%2Fproduct_tag&post=6071"}],"curies":[{"name":"wp","href":"https:\/\/api.w.org\/{rel}","templated":true}]}}