{"id":6070,"date":"2021-01-24T10:33:50","date_gmt":"2021-01-24T10:33:50","guid":{"rendered":"http:\/\/megapharm.al\/index.php\/product\/import-placeholder-for-1955\/"},"modified":"2021-01-24T10:33:57","modified_gmt":"2021-01-24T10:33:57","slug":"aesthetico-active-foam","status":"publish","type":"product","link":"https:\/\/megapharm.al\/?product=aesthetico-active-foam","title":{"rendered":"AESTHETICO ACTIVE FOAM"},"content":{"rendered":"<p>Shkum\u00eb pastruese e thell\u00eb p\u00ebr l\u00ebkura mikse , t\u00eb yndyrshme dhe me akne. Fal\u00eb acidit glikolik dhe salicilik ndihmon n\u00eb pastrimin e thell\u00eb t\u00eb l\u00ebkures dhe p\u00ebrtharjen e yndyr\u00ebs.<br \/>\nP\u00ebrdorimi: Larje e fytyr\u00ebs 2 her\u00eb n\u00eb dit\u00eb.<\/p>\n","protected":false},"excerpt":{"rendered":"<p>Shkum\u00eb pastruese e thell\u00eb p\u00ebr l\u00ebkura mikse , t\u00eb yndyrshme dhe me akne. Fal\u00eb acidit glikolik dhe salicilik ndihmon n\u00eb pastrimin e thell\u00eb t\u00eb l\u00ebkures dhe p\u00ebrtharjen e yndyr\u00ebs.<br \/>\nP\u00ebrdorimi: Larje e fytyr\u00ebs 2 her\u00eb n\u00eb dit\u00eb.<\/p>\n","protected":false},"featured_media":5384,"comment_status":"open","ping_status":"closed","template":"","meta":[],"product_cat":[86],"product_tag":[],"class_list":{"0":"post-6070","1":"product","2":"type-product","3":"status-publish","4":"has-post-thumbnail","6":"product_cat-aesthetico","8":"first","9":"instock","10":"shipping-taxable","11":"product-type-simple"},"_links":{"self":[{"href":"https:\/\/megapharm.al\/index.php?rest_route=\/wp\/v2\/product\/6070","targetHints":{"allow":["GET"]}}],"collection":[{"href":"https:\/\/megapharm.al\/index.php?rest_route=\/wp\/v2\/product"}],"about":[{"href":"https:\/\/megapharm.al\/index.php?rest_route=\/wp\/v2\/types\/product"}],"replies":[{"embeddable":true,"href":"https:\/\/megapharm.al\/index.php?rest_route=%2Fwp%2Fv2%2Fcomments&post=6070"}],"wp:featuredmedia":[{"embeddable":true,"href":"https:\/\/megapharm.al\/index.php?rest_route=\/wp\/v2\/media\/5384"}],"wp:attachment":[{"href":"https:\/\/megapharm.al\/index.php?rest_route=%2Fwp%2Fv2%2Fmedia&parent=6070"}],"wp:term":[{"taxonomy":"product_cat","embeddable":true,"href":"https:\/\/megapharm.al\/index.php?rest_route=%2Fwp%2Fv2%2Fproduct_cat&post=6070"},{"taxonomy":"product_tag","embeddable":true,"href":"https:\/\/megapharm.al\/index.php?rest_route=%2Fwp%2Fv2%2Fproduct_tag&post=6070"}],"curies":[{"name":"wp","href":"https:\/\/api.w.org\/{rel}","templated":true}]}}