{"id":6069,"date":"2021-01-24T10:33:50","date_gmt":"2021-01-24T10:33:50","guid":{"rendered":"http:\/\/megapharm.al\/index.php\/product\/import-placeholder-for-1954\/"},"modified":"2021-01-24T10:33:57","modified_gmt":"2021-01-24T10:33:57","slug":"aesthetico-h3-complex","status":"publish","type":"product","link":"https:\/\/megapharm.al\/?product=aesthetico-h3-complex","title":{"rendered":"AESTHETICO H3 COMPLEX"},"content":{"rendered":"<p>Suplement( tablet\u00eb) me vitamina B1, B2, B5, acid folic, niacin, zink dhe acid silicilik p\u00ebr forcimin e flok\u00ebve, thonj\u00ebve dhe p\u00ebrmir\u00ebsimin e cil\u00ebsis\u00eb s\u00eb l\u00ebkur\u00ebs. Tabletat jan\u00eb laktoze free dhe vegane.<br \/>\nP\u00ebrdorimi: 1 tablet n\u00eb dit\u00eb.<br \/>\nSasia: 90 tableta<\/p>\n","protected":false},"excerpt":{"rendered":"<p>Suplement( tablet\u00eb) me vitamina B1, B2, B5, acid folic, niacin, zink dhe acid silicilik p\u00ebr forcimin e flok\u00ebve, thonj\u00ebve dhe p\u00ebrmir\u00ebsimin e cil\u00ebsis\u00eb s\u00eb l\u00ebkur\u00ebs. Tabletat jan\u00eb laktoze free dhe vegane.<br \/>\nP\u00ebrdorimi: 1 tablet n\u00eb dit\u00eb.<br \/>\nSasia: 90 tableta<\/p>\n","protected":false},"featured_media":5383,"comment_status":"open","ping_status":"closed","template":"","meta":[],"product_cat":[86],"product_tag":[],"class_list":{"0":"post-6069","1":"product","2":"type-product","3":"status-publish","4":"has-post-thumbnail","6":"product_cat-aesthetico","8":"first","9":"instock","10":"shipping-taxable","11":"product-type-simple"},"_links":{"self":[{"href":"https:\/\/megapharm.al\/index.php?rest_route=\/wp\/v2\/product\/6069","targetHints":{"allow":["GET"]}}],"collection":[{"href":"https:\/\/megapharm.al\/index.php?rest_route=\/wp\/v2\/product"}],"about":[{"href":"https:\/\/megapharm.al\/index.php?rest_route=\/wp\/v2\/types\/product"}],"replies":[{"embeddable":true,"href":"https:\/\/megapharm.al\/index.php?rest_route=%2Fwp%2Fv2%2Fcomments&post=6069"}],"wp:featuredmedia":[{"embeddable":true,"href":"https:\/\/megapharm.al\/index.php?rest_route=\/wp\/v2\/media\/5383"}],"wp:attachment":[{"href":"https:\/\/megapharm.al\/index.php?rest_route=%2Fwp%2Fv2%2Fmedia&parent=6069"}],"wp:term":[{"taxonomy":"product_cat","embeddable":true,"href":"https:\/\/megapharm.al\/index.php?rest_route=%2Fwp%2Fv2%2Fproduct_cat&post=6069"},{"taxonomy":"product_tag","embeddable":true,"href":"https:\/\/megapharm.al\/index.php?rest_route=%2Fwp%2Fv2%2Fproduct_tag&post=6069"}],"curies":[{"name":"wp","href":"https:\/\/api.w.org\/{rel}","templated":true}]}}