{"id":6068,"date":"2021-01-24T10:33:49","date_gmt":"2021-01-24T10:33:49","guid":{"rendered":"http:\/\/megapharm.al\/index.php\/product\/import-placeholder-for-1953\/"},"modified":"2021-01-24T10:33:57","modified_gmt":"2021-01-24T10:33:57","slug":"aesthetico-juvenation","status":"publish","type":"product","link":"https:\/\/megapharm.al\/?product=aesthetico-juvenation","title":{"rendered":"AESTHETICO JUVENATION"},"content":{"rendered":"<p>Serum me efekt anti-age. Fal\u00eb 3 p\u00ebrb\u00ebr\u00ebsve aktiv si acid hialuronik, argirelin\u00eb dhe Aquaxyl serumi nxit s\u00eb tep\u00ebrmi rigjenerimin dhe nj\u00ebkohesisht i ofron l\u00ebkur\u00ebs elasticitet.<br \/>\nP\u00ebrdorimi: 1-2 her\u00eb n\u00eb dit\u00eb.<\/p>\n","protected":false},"excerpt":{"rendered":"<p>Serum me efekt anti-age. Fal\u00eb 3 p\u00ebrb\u00ebr\u00ebsve aktiv si acid hialuronik, argirelin\u00eb dhe Aquaxyl serumi nxit s\u00eb tep\u00ebrmi rigjenerimin dhe nj\u00ebkohesisht i ofron l\u00ebkur\u00ebs elasticitet.<br \/>\nP\u00ebrdorimi: 1-2 her\u00eb n\u00eb dit\u00eb.<\/p>\n","protected":false},"featured_media":5382,"comment_status":"open","ping_status":"closed","template":"","meta":[],"product_cat":[86],"product_tag":[],"class_list":{"0":"post-6068","1":"product","2":"type-product","3":"status-publish","4":"has-post-thumbnail","6":"product_cat-aesthetico","8":"first","9":"instock","10":"shipping-taxable","11":"product-type-simple"},"_links":{"self":[{"href":"https:\/\/megapharm.al\/index.php?rest_route=\/wp\/v2\/product\/6068","targetHints":{"allow":["GET"]}}],"collection":[{"href":"https:\/\/megapharm.al\/index.php?rest_route=\/wp\/v2\/product"}],"about":[{"href":"https:\/\/megapharm.al\/index.php?rest_route=\/wp\/v2\/types\/product"}],"replies":[{"embeddable":true,"href":"https:\/\/megapharm.al\/index.php?rest_route=%2Fwp%2Fv2%2Fcomments&post=6068"}],"wp:featuredmedia":[{"embeddable":true,"href":"https:\/\/megapharm.al\/index.php?rest_route=\/wp\/v2\/media\/5382"}],"wp:attachment":[{"href":"https:\/\/megapharm.al\/index.php?rest_route=%2Fwp%2Fv2%2Fmedia&parent=6068"}],"wp:term":[{"taxonomy":"product_cat","embeddable":true,"href":"https:\/\/megapharm.al\/index.php?rest_route=%2Fwp%2Fv2%2Fproduct_cat&post=6068"},{"taxonomy":"product_tag","embeddable":true,"href":"https:\/\/megapharm.al\/index.php?rest_route=%2Fwp%2Fv2%2Fproduct_tag&post=6068"}],"curies":[{"name":"wp","href":"https:\/\/api.w.org\/{rel}","templated":true}]}}