{"id":6067,"date":"2021-01-24T10:33:49","date_gmt":"2021-01-24T10:33:49","guid":{"rendered":"http:\/\/megapharm.al\/index.php\/product\/import-placeholder-for-1952\/"},"modified":"2021-01-24T10:33:57","modified_gmt":"2021-01-24T10:33:57","slug":"aesthetico-poladerm-lotion","status":"publish","type":"product","link":"https:\/\/megapharm.al\/?product=aesthetico-poladerm-lotion","title":{"rendered":"AESTHETICO POLADERM LOTION"},"content":{"rendered":"<p>Locion p\u00ebr trupin p\u00ebr l\u00ebkura q\u00eb kan\u00eb tendenc\u00eb t\u00eb kruhen. P\u00ebrb\u00ebr\u00ebsit si polidokanoli dhe mentoli reduktojn\u00eb menj\u00ebher\u00eb ndjesin\u00eb e kruarjes pas aplikimit. Faktor\u00ebt hidratues , si urea 4% dhe p\u00ebrb\u00ebr\u00ebsit e tjer\u00eb vajor\u00eb b\u00ebjn\u00eb l\u00ebkur\u00ebn m\u00eb t\u00eb but\u00eb.<br \/>\nP\u00ebrdorimi: Aplikohet 1-2 her\u00eb n\u00eb dit\u00eb n\u00eb l\u00ebkur\u00eb t\u00eb past\u00ebr.<br \/>\nSasia: 200 m<\/p>\n","protected":false},"excerpt":{"rendered":"<p>Locion p\u00ebr trupin p\u00ebr l\u00ebkura q\u00eb kan\u00eb tendenc\u00eb t\u00eb kruhen. P\u00ebrb\u00ebr\u00ebsit si polidokanoli dhe mentoli reduktojn\u00eb menj\u00ebher\u00eb ndjesin\u00eb e kruarjes pas aplikimit. Faktor\u00ebt hidratues , si urea 4% dhe p\u00ebrb\u00ebr\u00ebsit e tjer\u00eb vajor\u00eb b\u00ebjn\u00eb l\u00ebkur\u00ebn m\u00eb t\u00eb but\u00eb.<br \/>\nP\u00ebrdorimi: Aplikohet 1-2 her\u00eb n\u00eb dit\u00eb n\u00eb l\u00ebkur\u00eb t\u00eb past\u00ebr.<br \/>\nSasia: 200 m<\/p>\n","protected":false},"featured_media":5381,"comment_status":"open","ping_status":"closed","template":"","meta":[],"product_cat":[86],"product_tag":[],"class_list":{"0":"post-6067","1":"product","2":"type-product","3":"status-publish","4":"has-post-thumbnail","6":"product_cat-aesthetico","8":"first","9":"instock","10":"shipping-taxable","11":"product-type-simple"},"_links":{"self":[{"href":"https:\/\/megapharm.al\/index.php?rest_route=\/wp\/v2\/product\/6067","targetHints":{"allow":["GET"]}}],"collection":[{"href":"https:\/\/megapharm.al\/index.php?rest_route=\/wp\/v2\/product"}],"about":[{"href":"https:\/\/megapharm.al\/index.php?rest_route=\/wp\/v2\/types\/product"}],"replies":[{"embeddable":true,"href":"https:\/\/megapharm.al\/index.php?rest_route=%2Fwp%2Fv2%2Fcomments&post=6067"}],"wp:featuredmedia":[{"embeddable":true,"href":"https:\/\/megapharm.al\/index.php?rest_route=\/wp\/v2\/media\/5381"}],"wp:attachment":[{"href":"https:\/\/megapharm.al\/index.php?rest_route=%2Fwp%2Fv2%2Fmedia&parent=6067"}],"wp:term":[{"taxonomy":"product_cat","embeddable":true,"href":"https:\/\/megapharm.al\/index.php?rest_route=%2Fwp%2Fv2%2Fproduct_cat&post=6067"},{"taxonomy":"product_tag","embeddable":true,"href":"https:\/\/megapharm.al\/index.php?rest_route=%2Fwp%2Fv2%2Fproduct_tag&post=6067"}],"curies":[{"name":"wp","href":"https:\/\/api.w.org\/{rel}","templated":true}]}}