{"id":6066,"date":"2021-01-24T10:33:49","date_gmt":"2021-01-24T10:33:49","guid":{"rendered":"http:\/\/megapharm.al\/index.php\/product\/import-placeholder-for-1951\/"},"modified":"2021-01-24T10:33:56","modified_gmt":"2021-01-24T10:33:56","slug":"aesthetico-foot-care","status":"publish","type":"product","link":"https:\/\/megapharm.al\/?product=aesthetico-foot-care","title":{"rendered":"AESTHETICO FOOT CARE"},"content":{"rendered":"<p>Krem p\u00ebr k\u00ebmb\u00ebt dhe thonjt\u00eb. Mban l\u00ebkur\u00ebn e k\u00ebmb\u00ebve dhe shtratin e thonjeve t\u00eb but\u00eb, parandalon formimin e trashjes s\u00eb l\u00ebkur\u00ebs dhe carjes s\u00eb saj. Jep nj\u00eb ndjesi t\u00eb k\u00ebndshme dhe freskuese n\u00eb k\u00ebmb\u00eb. P\u00ebrdorimi: Masazho 1-2 her\u00eb n\u00eb dit\u00eb pas larjes.<br \/>\nSasia: 100 ml<\/p>\n","protected":false},"excerpt":{"rendered":"<p>Krem p\u00ebr k\u00ebmb\u00ebt dhe thonjt\u00eb. Mban l\u00ebkur\u00ebn e k\u00ebmb\u00ebve dhe shtratin e thonjeve t\u00eb but\u00eb, parandalon formimin e trashjes s\u00eb l\u00ebkur\u00ebs dhe carjes s\u00eb saj. Jep nj\u00eb ndjesi t\u00eb k\u00ebndshme dhe freskuese n\u00eb k\u00ebmb\u00eb. P\u00ebrdorimi: Masazho 1-2 her\u00eb n\u00eb dit\u00eb pas larjes.<br \/>\nSasia: 100 ml<\/p>\n","protected":false},"featured_media":5380,"comment_status":"open","ping_status":"closed","template":"","meta":[],"product_cat":[86],"product_tag":[],"class_list":{"0":"post-6066","1":"product","2":"type-product","3":"status-publish","4":"has-post-thumbnail","6":"product_cat-aesthetico","8":"first","9":"instock","10":"shipping-taxable","11":"product-type-simple"},"_links":{"self":[{"href":"https:\/\/megapharm.al\/index.php?rest_route=\/wp\/v2\/product\/6066","targetHints":{"allow":["GET"]}}],"collection":[{"href":"https:\/\/megapharm.al\/index.php?rest_route=\/wp\/v2\/product"}],"about":[{"href":"https:\/\/megapharm.al\/index.php?rest_route=\/wp\/v2\/types\/product"}],"replies":[{"embeddable":true,"href":"https:\/\/megapharm.al\/index.php?rest_route=%2Fwp%2Fv2%2Fcomments&post=6066"}],"wp:featuredmedia":[{"embeddable":true,"href":"https:\/\/megapharm.al\/index.php?rest_route=\/wp\/v2\/media\/5380"}],"wp:attachment":[{"href":"https:\/\/megapharm.al\/index.php?rest_route=%2Fwp%2Fv2%2Fmedia&parent=6066"}],"wp:term":[{"taxonomy":"product_cat","embeddable":true,"href":"https:\/\/megapharm.al\/index.php?rest_route=%2Fwp%2Fv2%2Fproduct_cat&post=6066"},{"taxonomy":"product_tag","embeddable":true,"href":"https:\/\/megapharm.al\/index.php?rest_route=%2Fwp%2Fv2%2Fproduct_tag&post=6066"}],"curies":[{"name":"wp","href":"https:\/\/api.w.org\/{rel}","templated":true}]}}