{"id":6064,"date":"2021-01-24T10:33:48","date_gmt":"2021-01-24T10:33:48","guid":{"rendered":"http:\/\/megapharm.al\/index.php\/product\/import-placeholder-for-1949\/"},"modified":"2021-01-24T10:33:56","modified_gmt":"2021-01-24T10:33:56","slug":"aesthetico-sensitive-eye-cream","status":"publish","type":"product","link":"https:\/\/megapharm.al\/?product=aesthetico-sensitive-eye-cream","title":{"rendered":"AESTHETICO SENSITIVE EYE CREAM"},"content":{"rendered":"<p>Krem p\u00ebr pjes\u00ebn e syve me efekt anti- mosh\u00eb me ekstraktet e Asiatica Centella dhe vitamin C p\u00ebr t\u00eb stimuluar sintez\u00ebn e kolagjenit n\u00eb zon\u00ebn e syve.<br \/>\nP\u00ebrdorimi: Aplikohet n\u00eb l\u00ebkur\u00eb t\u00eb past\u00ebr 2 her\u00eb n\u00eb dit\u00eb.<\/p>\n<p>Sasia: 15 ml<\/p>\n","protected":false},"excerpt":{"rendered":"<p>Krem p\u00ebr pjes\u00ebn e syve me efekt anti- mosh\u00eb me ekstraktet e Asiatica Centella dhe vitamin C p\u00ebr t\u00eb stimuluar sintez\u00ebn e kolagjenit n\u00eb zon\u00ebn e syve.<br \/>\nP\u00ebrdorimi: Aplikohet n\u00eb l\u00ebkur\u00eb t\u00eb past\u00ebr 2 her\u00eb n\u00eb dit\u00eb.<\/p>\n<p>Sasia: 15 ml<\/p>\n","protected":false},"featured_media":5378,"comment_status":"open","ping_status":"closed","template":"","meta":[],"product_cat":[86],"product_tag":[],"class_list":{"0":"post-6064","1":"product","2":"type-product","3":"status-publish","4":"has-post-thumbnail","6":"product_cat-aesthetico","8":"first","9":"instock","10":"shipping-taxable","11":"product-type-simple"},"_links":{"self":[{"href":"https:\/\/megapharm.al\/index.php?rest_route=\/wp\/v2\/product\/6064","targetHints":{"allow":["GET"]}}],"collection":[{"href":"https:\/\/megapharm.al\/index.php?rest_route=\/wp\/v2\/product"}],"about":[{"href":"https:\/\/megapharm.al\/index.php?rest_route=\/wp\/v2\/types\/product"}],"replies":[{"embeddable":true,"href":"https:\/\/megapharm.al\/index.php?rest_route=%2Fwp%2Fv2%2Fcomments&post=6064"}],"wp:featuredmedia":[{"embeddable":true,"href":"https:\/\/megapharm.al\/index.php?rest_route=\/wp\/v2\/media\/5378"}],"wp:attachment":[{"href":"https:\/\/megapharm.al\/index.php?rest_route=%2Fwp%2Fv2%2Fmedia&parent=6064"}],"wp:term":[{"taxonomy":"product_cat","embeddable":true,"href":"https:\/\/megapharm.al\/index.php?rest_route=%2Fwp%2Fv2%2Fproduct_cat&post=6064"},{"taxonomy":"product_tag","embeddable":true,"href":"https:\/\/megapharm.al\/index.php?rest_route=%2Fwp%2Fv2%2Fproduct_tag&post=6064"}],"curies":[{"name":"wp","href":"https:\/\/api.w.org\/{rel}","templated":true}]}}