{"id":6062,"date":"2021-01-24T10:33:48","date_gmt":"2021-01-24T10:33:48","guid":{"rendered":"http:\/\/megapharm.al\/index.php\/product\/import-placeholder-for-1947\/"},"modified":"2021-01-24T10:33:55","modified_gmt":"2021-01-24T10:33:55","slug":"aesthetico-med-urea-cream","status":"publish","type":"product","link":"https:\/\/megapharm.al\/?product=aesthetico-med-urea-cream","title":{"rendered":"AESTHETICO MED UREA CREAM"},"content":{"rendered":"<p>Krem p\u00ebr trupin p\u00ebr l\u00ebkura t\u00eb thata dhe shum\u00eb t\u00eb thata. Fal\u00eb 10% ure q\u00eb ka n\u00eb p\u00ebrb\u00ebrje hidraton shum\u00eb mir\u00eb dhe krijon nj\u00eb barrier\u00eb mbrojt\u00ebse pa l\u00ebn\u00eb asnj\u00eb shtres\u00eb yndyrore n\u00eb l\u00ebkur\u00eb.<br \/>\nP\u00ebrdorimi: Aplikohet n\u00eb l\u00ebkur\u00eb t\u00eb past\u00ebr 2 her\u00eb n\u00eb dit\u00eb.<br \/>\nSasia: 100 ml<\/p>\n","protected":false},"excerpt":{"rendered":"<p>Krem p\u00ebr trupin p\u00ebr l\u00ebkura t\u00eb thata dhe shum\u00eb t\u00eb thata. Fal\u00eb 10% ure q\u00eb ka n\u00eb p\u00ebrb\u00ebrje hidraton shum\u00eb mir\u00eb dhe krijon nj\u00eb barrier\u00eb mbrojt\u00ebse pa l\u00ebn\u00eb asnj\u00eb shtres\u00eb yndyrore n\u00eb l\u00ebkur\u00eb.<br \/>\nP\u00ebrdorimi: Aplikohet n\u00eb l\u00ebkur\u00eb t\u00eb past\u00ebr 2 her\u00eb n\u00eb dit\u00eb.<br \/>\nSasia: 100 ml<\/p>\n","protected":false},"featured_media":5376,"comment_status":"open","ping_status":"closed","template":"","meta":[],"product_cat":[86],"product_tag":[],"class_list":{"0":"post-6062","1":"product","2":"type-product","3":"status-publish","4":"has-post-thumbnail","6":"product_cat-aesthetico","8":"first","9":"instock","10":"shipping-taxable","11":"product-type-simple"},"_links":{"self":[{"href":"https:\/\/megapharm.al\/index.php?rest_route=\/wp\/v2\/product\/6062","targetHints":{"allow":["GET"]}}],"collection":[{"href":"https:\/\/megapharm.al\/index.php?rest_route=\/wp\/v2\/product"}],"about":[{"href":"https:\/\/megapharm.al\/index.php?rest_route=\/wp\/v2\/types\/product"}],"replies":[{"embeddable":true,"href":"https:\/\/megapharm.al\/index.php?rest_route=%2Fwp%2Fv2%2Fcomments&post=6062"}],"wp:featuredmedia":[{"embeddable":true,"href":"https:\/\/megapharm.al\/index.php?rest_route=\/wp\/v2\/media\/5376"}],"wp:attachment":[{"href":"https:\/\/megapharm.al\/index.php?rest_route=%2Fwp%2Fv2%2Fmedia&parent=6062"}],"wp:term":[{"taxonomy":"product_cat","embeddable":true,"href":"https:\/\/megapharm.al\/index.php?rest_route=%2Fwp%2Fv2%2Fproduct_cat&post=6062"},{"taxonomy":"product_tag","embeddable":true,"href":"https:\/\/megapharm.al\/index.php?rest_route=%2Fwp%2Fv2%2Fproduct_tag&post=6062"}],"curies":[{"name":"wp","href":"https:\/\/api.w.org\/{rel}","templated":true}]}}