{"id":6060,"date":"2021-01-24T10:33:48","date_gmt":"2021-01-24T10:33:48","guid":{"rendered":"http:\/\/megapharm.al\/index.php\/product\/import-placeholder-for-1945\/"},"modified":"2021-01-24T10:33:55","modified_gmt":"2021-01-24T10:33:55","slug":"aesthetico-cleasing-lotion","status":"publish","type":"product","link":"https:\/\/megapharm.al\/?product=aesthetico-cleasing-lotion","title":{"rendered":"AESTHETICO CLEASING LOTION"},"content":{"rendered":"<p>Pastrues i but\u00eb, qet\u00ebsues n\u00eb form\u00eb locioni pa sapun i p\u00ebrshtatsh\u00ebm p\u00ebr l\u00ebkura sensitive. Mineralet nga deti i vdekur depertojn\u00eb n\u00eb l\u00ebkur\u00eb. N\u00eb saj\u00eb t\u00eb p\u00ebrb\u00ebr\u00ebsve anti-inflamator , produkti mund t\u00eb p\u00ebrdoret gjithashtu si nj\u00eb pastrues p\u00ebr l\u00ebkura me akne. Gjithashtu i p\u00ebrshtatsh\u00ebm p\u00ebr f\u00ebmij\u00eb mbi 3 vjec dhe l\u00ebkura atopike.<br \/>\nP\u00ebrdorimi: Larje e l\u00ebkur\u00ebs 2 her\u00eb n\u00eb dit\u00eb.<\/p>\n","protected":false},"excerpt":{"rendered":"<p>Pastrues i but\u00eb, qet\u00ebsues n\u00eb form\u00eb locioni pa sapun i p\u00ebrshtatsh\u00ebm p\u00ebr l\u00ebkura sensitive. Mineralet nga deti i vdekur depertojn\u00eb n\u00eb l\u00ebkur\u00eb. N\u00eb saj\u00eb t\u00eb p\u00ebrb\u00ebr\u00ebsve anti-inflamator , produkti mund t\u00eb p\u00ebrdoret gjithashtu si nj\u00eb pastrues p\u00ebr l\u00ebkura me akne. Gjithashtu i p\u00ebrshtatsh\u00ebm p\u00ebr f\u00ebmij\u00eb mbi 3 vjec dhe l\u00ebkura atopike.<br \/>\nP\u00ebrdorimi: Larje e l\u00ebkur\u00ebs 2 her\u00eb n\u00eb dit\u00eb.<\/p>\n","protected":false},"featured_media":5374,"comment_status":"open","ping_status":"closed","template":"","meta":[],"product_cat":[86],"product_tag":[],"class_list":{"0":"post-6060","1":"product","2":"type-product","3":"status-publish","4":"has-post-thumbnail","6":"product_cat-aesthetico","8":"first","9":"instock","10":"shipping-taxable","11":"product-type-simple"},"_links":{"self":[{"href":"https:\/\/megapharm.al\/index.php?rest_route=\/wp\/v2\/product\/6060","targetHints":{"allow":["GET"]}}],"collection":[{"href":"https:\/\/megapharm.al\/index.php?rest_route=\/wp\/v2\/product"}],"about":[{"href":"https:\/\/megapharm.al\/index.php?rest_route=\/wp\/v2\/types\/product"}],"replies":[{"embeddable":true,"href":"https:\/\/megapharm.al\/index.php?rest_route=%2Fwp%2Fv2%2Fcomments&post=6060"}],"wp:featuredmedia":[{"embeddable":true,"href":"https:\/\/megapharm.al\/index.php?rest_route=\/wp\/v2\/media\/5374"}],"wp:attachment":[{"href":"https:\/\/megapharm.al\/index.php?rest_route=%2Fwp%2Fv2%2Fmedia&parent=6060"}],"wp:term":[{"taxonomy":"product_cat","embeddable":true,"href":"https:\/\/megapharm.al\/index.php?rest_route=%2Fwp%2Fv2%2Fproduct_cat&post=6060"},{"taxonomy":"product_tag","embeddable":true,"href":"https:\/\/megapharm.al\/index.php?rest_route=%2Fwp%2Fv2%2Fproduct_tag&post=6060"}],"curies":[{"name":"wp","href":"https:\/\/api.w.org\/{rel}","templated":true}]}}