{"id":6059,"date":"2021-01-24T10:33:47","date_gmt":"2021-01-24T10:33:47","guid":{"rendered":"http:\/\/megapharm.al\/index.php\/product\/import-placeholder-for-1944\/"},"modified":"2021-01-24T10:33:55","modified_gmt":"2021-01-24T10:33:55","slug":"aesthetico-anti-dandruff","status":"publish","type":"product","link":"https:\/\/megapharm.al\/?product=aesthetico-anti-dandruff","title":{"rendered":"AESTHETICO ANTI-DANDRUFF"},"content":{"rendered":"<p>Shampo kundra zbokthit. P\u00ebrb\u00ebr\u00ebsi aktiv selenium disulfide lufton zbokthin n\u00eb skalp t\u00eb yndyrsh\u00ebm dhe t\u00eb that\u00eb.<br \/>\nP\u00ebrdorimi: larje 2-3 her\u00eb n\u00eb jav\u00eb .Tundeni p\u00ebrpara p\u00ebrdorimit.<br \/>\nSasia: 100 ml<\/p>\n","protected":false},"excerpt":{"rendered":"<p>Shampo kundra zbokthit. P\u00ebrb\u00ebr\u00ebsi aktiv selenium disulfide lufton zbokthin n\u00eb skalp t\u00eb yndyrsh\u00ebm dhe t\u00eb that\u00eb.<br \/>\nP\u00ebrdorimi: larje 2-3 her\u00eb n\u00eb jav\u00eb .Tundeni p\u00ebrpara p\u00ebrdorimit.<br \/>\nSasia: 100 ml<\/p>\n","protected":false},"featured_media":5373,"comment_status":"open","ping_status":"closed","template":"","meta":[],"product_cat":[86],"product_tag":[],"class_list":{"0":"post-6059","1":"product","2":"type-product","3":"status-publish","4":"has-post-thumbnail","6":"product_cat-aesthetico","8":"first","9":"instock","10":"shipping-taxable","11":"product-type-simple"},"_links":{"self":[{"href":"https:\/\/megapharm.al\/index.php?rest_route=\/wp\/v2\/product\/6059","targetHints":{"allow":["GET"]}}],"collection":[{"href":"https:\/\/megapharm.al\/index.php?rest_route=\/wp\/v2\/product"}],"about":[{"href":"https:\/\/megapharm.al\/index.php?rest_route=\/wp\/v2\/types\/product"}],"replies":[{"embeddable":true,"href":"https:\/\/megapharm.al\/index.php?rest_route=%2Fwp%2Fv2%2Fcomments&post=6059"}],"wp:featuredmedia":[{"embeddable":true,"href":"https:\/\/megapharm.al\/index.php?rest_route=\/wp\/v2\/media\/5373"}],"wp:attachment":[{"href":"https:\/\/megapharm.al\/index.php?rest_route=%2Fwp%2Fv2%2Fmedia&parent=6059"}],"wp:term":[{"taxonomy":"product_cat","embeddable":true,"href":"https:\/\/megapharm.al\/index.php?rest_route=%2Fwp%2Fv2%2Fproduct_cat&post=6059"},{"taxonomy":"product_tag","embeddable":true,"href":"https:\/\/megapharm.al\/index.php?rest_route=%2Fwp%2Fv2%2Fproduct_tag&post=6059"}],"curies":[{"name":"wp","href":"https:\/\/api.w.org\/{rel}","templated":true}]}}