{"id":6058,"date":"2021-01-24T10:33:47","date_gmt":"2021-01-24T10:33:47","guid":{"rendered":"http:\/\/megapharm.al\/index.php\/product\/import-placeholder-for-1943\/"},"modified":"2021-01-24T10:33:54","modified_gmt":"2021-01-24T10:33:54","slug":"aesthetico-fruit-complex-cream","status":"publish","type":"product","link":"https:\/\/megapharm.al\/?product=aesthetico-fruit-complex-cream","title":{"rendered":"AESTHETICO FRUIT COMPLEX CREAM"},"content":{"rendered":"<p>Krem me AHA 10%, p\u00ebr l\u00ebkura mature dhe l\u00ebkura t\u00eb thata. I p\u00ebrshtatsh\u00ebm p\u00ebr trajtim eksfoliues dhe p\u00ebr parap\u00ebrgatitje t\u00eb peeling.<br \/>\nP\u00ebrdorimi: Aplikohet n\u00eb mbr\u00ebmje.<br \/>\nSasia: 50 ml<\/p>\n","protected":false},"excerpt":{"rendered":"<p>Krem me AHA 10%, p\u00ebr l\u00ebkura mature dhe l\u00ebkura t\u00eb thata. I p\u00ebrshtatsh\u00ebm p\u00ebr trajtim eksfoliues dhe p\u00ebr parap\u00ebrgatitje t\u00eb peeling.<br \/>\nP\u00ebrdorimi: Aplikohet n\u00eb mbr\u00ebmje.<br \/>\nSasia: 50 ml<\/p>\n","protected":false},"featured_media":5372,"comment_status":"open","ping_status":"closed","template":"","meta":[],"product_cat":[86],"product_tag":[],"class_list":{"0":"post-6058","1":"product","2":"type-product","3":"status-publish","4":"has-post-thumbnail","6":"product_cat-aesthetico","8":"first","9":"instock","10":"shipping-taxable","11":"product-type-simple"},"_links":{"self":[{"href":"https:\/\/megapharm.al\/index.php?rest_route=\/wp\/v2\/product\/6058","targetHints":{"allow":["GET"]}}],"collection":[{"href":"https:\/\/megapharm.al\/index.php?rest_route=\/wp\/v2\/product"}],"about":[{"href":"https:\/\/megapharm.al\/index.php?rest_route=\/wp\/v2\/types\/product"}],"replies":[{"embeddable":true,"href":"https:\/\/megapharm.al\/index.php?rest_route=%2Fwp%2Fv2%2Fcomments&post=6058"}],"wp:featuredmedia":[{"embeddable":true,"href":"https:\/\/megapharm.al\/index.php?rest_route=\/wp\/v2\/media\/5372"}],"wp:attachment":[{"href":"https:\/\/megapharm.al\/index.php?rest_route=%2Fwp%2Fv2%2Fmedia&parent=6058"}],"wp:term":[{"taxonomy":"product_cat","embeddable":true,"href":"https:\/\/megapharm.al\/index.php?rest_route=%2Fwp%2Fv2%2Fproduct_cat&post=6058"},{"taxonomy":"product_tag","embeddable":true,"href":"https:\/\/megapharm.al\/index.php?rest_route=%2Fwp%2Fv2%2Fproduct_tag&post=6058"}],"curies":[{"name":"wp","href":"https:\/\/api.w.org\/{rel}","templated":true}]}}