{"id":6057,"date":"2021-01-24T10:33:47","date_gmt":"2021-01-24T10:33:47","guid":{"rendered":"http:\/\/megapharm.al\/index.php\/product\/import-placeholder-for-1942\/"},"modified":"2021-01-24T10:33:54","modified_gmt":"2021-01-24T10:33:54","slug":"aesthetico-revitalizing-foam","status":"publish","type":"product","link":"https:\/\/megapharm.al\/?product=aesthetico-revitalizing-foam","title":{"rendered":"AESTHETICO REVITALIZING FOAM"},"content":{"rendered":"<p>Shkum\u00eb lar\u00ebse me efekt anti-age( anti-mosh\u00eb, p\u00ebr l\u00ebkura mature), me 2% acid glikolik n\u00eb p\u00ebrb\u00ebrje , i cili siguron nj\u00eb pastrim n\u00eb thell\u00ebsi t\u00eb l\u00ebkur\u00ebs dhe aktivizon proceset e rinovimit t\u00eb l\u00ebkur\u00ebs.<br \/>\nP\u00ebrdorimi: Larje e fytyr\u00ebs 2 her\u00eb n\u00eb dit\u00eb, m\u00ebngjes dark\u00eb.<br \/>\nSasia: 125 ml<\/p>\n","protected":false},"excerpt":{"rendered":"<p>Shkum\u00eb lar\u00ebse me efekt anti-age( anti-mosh\u00eb, p\u00ebr l\u00ebkura mature), me 2% acid glikolik n\u00eb p\u00ebrb\u00ebrje , i cili siguron nj\u00eb pastrim n\u00eb thell\u00ebsi t\u00eb l\u00ebkur\u00ebs dhe aktivizon proceset e rinovimit t\u00eb l\u00ebkur\u00ebs.<br \/>\nP\u00ebrdorimi: Larje e fytyr\u00ebs 2 her\u00eb n\u00eb dit\u00eb, m\u00ebngjes dark\u00eb.<br \/>\nSasia: 125 ml<\/p>\n","protected":false},"featured_media":5371,"comment_status":"open","ping_status":"closed","template":"","meta":[],"product_cat":[86],"product_tag":[],"class_list":{"0":"post-6057","1":"product","2":"type-product","3":"status-publish","4":"has-post-thumbnail","6":"product_cat-aesthetico","8":"first","9":"instock","10":"shipping-taxable","11":"product-type-simple"},"_links":{"self":[{"href":"https:\/\/megapharm.al\/index.php?rest_route=\/wp\/v2\/product\/6057","targetHints":{"allow":["GET"]}}],"collection":[{"href":"https:\/\/megapharm.al\/index.php?rest_route=\/wp\/v2\/product"}],"about":[{"href":"https:\/\/megapharm.al\/index.php?rest_route=\/wp\/v2\/types\/product"}],"replies":[{"embeddable":true,"href":"https:\/\/megapharm.al\/index.php?rest_route=%2Fwp%2Fv2%2Fcomments&post=6057"}],"wp:featuredmedia":[{"embeddable":true,"href":"https:\/\/megapharm.al\/index.php?rest_route=\/wp\/v2\/media\/5371"}],"wp:attachment":[{"href":"https:\/\/megapharm.al\/index.php?rest_route=%2Fwp%2Fv2%2Fmedia&parent=6057"}],"wp:term":[{"taxonomy":"product_cat","embeddable":true,"href":"https:\/\/megapharm.al\/index.php?rest_route=%2Fwp%2Fv2%2Fproduct_cat&post=6057"},{"taxonomy":"product_tag","embeddable":true,"href":"https:\/\/megapharm.al\/index.php?rest_route=%2Fwp%2Fv2%2Fproduct_tag&post=6057"}],"curies":[{"name":"wp","href":"https:\/\/api.w.org\/{rel}","templated":true}]}}