{"id":6056,"date":"2021-01-24T10:33:47","date_gmt":"2021-01-24T10:33:47","guid":{"rendered":"http:\/\/megapharm.al\/index.php\/product\/import-placeholder-for-1941\/"},"modified":"2021-01-24T10:33:54","modified_gmt":"2021-01-24T10:33:54","slug":"aesthetico-skin-harmonizer-spf-50","status":"publish","type":"product","link":"https:\/\/megapharm.al\/?product=aesthetico-skin-harmonizer-spf-50","title":{"rendered":"AESTHETICO SKIN HARMONIZER SPF 50"},"content":{"rendered":"<p>Korrektues i skuqjeve ( anti-redness, i p\u00ebrshtatsh\u00ebm n\u00eb akne, l\u00ebkura sensitive dhe t\u00eb irritura), me SPF 50 . Pigmentet n\u00eb ngjyr\u00eb jeshile t\u00eb mikro incapsuluara menj\u00ebher\u00eb neutralizojn\u00eb t\u00eb skuqur\u00ebn n\u00eb l\u00ebkur\u00eb. Gjithashtu ideal p\u00ebr post peeling.<br \/>\nSasia: 30ml<\/p>\n<p>&nbsp;<\/p>\n","protected":false},"excerpt":{"rendered":"<p>Korrektues i skuqjeve ( anti-redness, i p\u00ebrshtatsh\u00ebm n\u00eb akne, l\u00ebkura sensitive dhe t\u00eb irritura), me SPF 50 . Pigmentet n\u00eb ngjyr\u00eb jeshile t\u00eb mikro incapsuluara menj\u00ebher\u00eb neutralizojn\u00eb t\u00eb skuqur\u00ebn n\u00eb l\u00ebkur\u00eb. Gjithashtu ideal p\u00ebr post peeling.<br \/>\nSasia: 30ml<\/p>\n","protected":false},"featured_media":5370,"comment_status":"open","ping_status":"closed","template":"","meta":[],"product_cat":[86],"product_tag":[],"class_list":{"0":"post-6056","1":"product","2":"type-product","3":"status-publish","4":"has-post-thumbnail","6":"product_cat-aesthetico","8":"first","9":"instock","10":"shipping-taxable","11":"product-type-simple"},"_links":{"self":[{"href":"https:\/\/megapharm.al\/index.php?rest_route=\/wp\/v2\/product\/6056","targetHints":{"allow":["GET"]}}],"collection":[{"href":"https:\/\/megapharm.al\/index.php?rest_route=\/wp\/v2\/product"}],"about":[{"href":"https:\/\/megapharm.al\/index.php?rest_route=\/wp\/v2\/types\/product"}],"replies":[{"embeddable":true,"href":"https:\/\/megapharm.al\/index.php?rest_route=%2Fwp%2Fv2%2Fcomments&post=6056"}],"wp:featuredmedia":[{"embeddable":true,"href":"https:\/\/megapharm.al\/index.php?rest_route=\/wp\/v2\/media\/5370"}],"wp:attachment":[{"href":"https:\/\/megapharm.al\/index.php?rest_route=%2Fwp%2Fv2%2Fmedia&parent=6056"}],"wp:term":[{"taxonomy":"product_cat","embeddable":true,"href":"https:\/\/megapharm.al\/index.php?rest_route=%2Fwp%2Fv2%2Fproduct_cat&post=6056"},{"taxonomy":"product_tag","embeddable":true,"href":"https:\/\/megapharm.al\/index.php?rest_route=%2Fwp%2Fv2%2Fproduct_tag&post=6056"}],"curies":[{"name":"wp","href":"https:\/\/api.w.org\/{rel}","templated":true}]}}