{"id":6055,"date":"2021-01-24T10:33:47","date_gmt":"2021-01-24T10:33:47","guid":{"rendered":"http:\/\/megapharm.al\/index.php\/product\/import-placeholder-for-1940\/"},"modified":"2021-01-24T10:33:53","modified_gmt":"2021-01-24T10:33:53","slug":"aesthetico-lipid-lotion","status":"publish","type":"product","link":"https:\/\/megapharm.al\/?product=aesthetico-lipid-lotion","title":{"rendered":"AESTHETICO LIPID LOTION"},"content":{"rendered":"<p>Locion me p\u00ebrmbajtje t\u00eb lart\u00eb lipidesh dhe 5% ure p\u00ebr trupin, p\u00ebr l\u00ebkura t\u00eb thata dhe shum\u00eb t\u00eb thata.<br \/>\nSasia: 200 ml<\/p>\n","protected":false},"excerpt":{"rendered":"<p>Locion me p\u00ebrmbajtje t\u00eb lart\u00eb lipidesh dhe 5% ure p\u00ebr trupin, p\u00ebr l\u00ebkura t\u00eb thata dhe shum\u00eb t\u00eb thata.<br \/>\nSasia: 200 ml<\/p>\n","protected":false},"featured_media":5369,"comment_status":"open","ping_status":"closed","template":"","meta":[],"product_cat":[86],"product_tag":[],"class_list":{"0":"post-6055","1":"product","2":"type-product","3":"status-publish","4":"has-post-thumbnail","6":"product_cat-aesthetico","8":"first","9":"instock","10":"shipping-taxable","11":"product-type-simple"},"_links":{"self":[{"href":"https:\/\/megapharm.al\/index.php?rest_route=\/wp\/v2\/product\/6055","targetHints":{"allow":["GET"]}}],"collection":[{"href":"https:\/\/megapharm.al\/index.php?rest_route=\/wp\/v2\/product"}],"about":[{"href":"https:\/\/megapharm.al\/index.php?rest_route=\/wp\/v2\/types\/product"}],"replies":[{"embeddable":true,"href":"https:\/\/megapharm.al\/index.php?rest_route=%2Fwp%2Fv2%2Fcomments&post=6055"}],"wp:featuredmedia":[{"embeddable":true,"href":"https:\/\/megapharm.al\/index.php?rest_route=\/wp\/v2\/media\/5369"}],"wp:attachment":[{"href":"https:\/\/megapharm.al\/index.php?rest_route=%2Fwp%2Fv2%2Fmedia&parent=6055"}],"wp:term":[{"taxonomy":"product_cat","embeddable":true,"href":"https:\/\/megapharm.al\/index.php?rest_route=%2Fwp%2Fv2%2Fproduct_cat&post=6055"},{"taxonomy":"product_tag","embeddable":true,"href":"https:\/\/megapharm.al\/index.php?rest_route=%2Fwp%2Fv2%2Fproduct_tag&post=6055"}],"curies":[{"name":"wp","href":"https:\/\/api.w.org\/{rel}","templated":true}]}}