{"id":5982,"date":"2021-01-24T10:33:11","date_gmt":"2021-01-24T10:33:11","guid":{"rendered":"http:\/\/megapharm.al\/index.php\/product\/import-placeholder-for-1848\/"},"modified":"2021-01-24T10:33:17","modified_gmt":"2021-01-24T10:33:17","slug":"nebulizer-turbo-car","status":"publish","type":"product","link":"https:\/\/megapharm.al\/?product=nebulizer-turbo-car","title":{"rendered":"Nebulizer Turbo Car"},"content":{"rendered":"<p>Aparat aerosoli p\u00ebr t\u00eb gjith\u00eb familjen.<\/p>\n<p>Kapaciteti 2-12 ml solucion.<\/p>\n<p>Niveli i zhurm\u00ebs rreth 55 Db.<\/p>\n<p>Lares nazal i p\u00ebrfshir\u00eb.<\/p>\n<p>Cikli i pun\u00ebs: 30 min n\u00eb pun\u00eb\u201430 min fikur.<br \/>\nPesha: 1400 gr<\/p>\n","protected":false},"excerpt":{"rendered":"<p>Aparat aerosoli p\u00ebr t\u00eb gjith\u00eb familjen.<\/p>\n<p>Kapaciteti 2-12 ml solucion.<\/p>\n<p>Niveli i zhurm\u00ebs rreth 55 Db.<\/p>\n<p>Lares nazal i p\u00ebrfshir\u00eb.<\/p>\n<p>Cikli i pun\u00ebs: 30 min n\u00eb pun\u00eb\u201430 min fikur.<br \/>\nPesha: 1400 gr<\/p>\n","protected":false},"featured_media":5299,"comment_status":"open","ping_status":"closed","template":"","meta":[],"product_cat":[88],"product_tag":[],"class_list":{"0":"post-5982","1":"product","2":"type-product","3":"status-publish","4":"has-post-thumbnail","6":"product_cat-dr-frei","8":"first","9":"instock","10":"shipping-taxable","11":"product-type-simple"},"_links":{"self":[{"href":"https:\/\/megapharm.al\/index.php?rest_route=\/wp\/v2\/product\/5982","targetHints":{"allow":["GET"]}}],"collection":[{"href":"https:\/\/megapharm.al\/index.php?rest_route=\/wp\/v2\/product"}],"about":[{"href":"https:\/\/megapharm.al\/index.php?rest_route=\/wp\/v2\/types\/product"}],"replies":[{"embeddable":true,"href":"https:\/\/megapharm.al\/index.php?rest_route=%2Fwp%2Fv2%2Fcomments&post=5982"}],"wp:featuredmedia":[{"embeddable":true,"href":"https:\/\/megapharm.al\/index.php?rest_route=\/wp\/v2\/media\/5299"}],"wp:attachment":[{"href":"https:\/\/megapharm.al\/index.php?rest_route=%2Fwp%2Fv2%2Fmedia&parent=5982"}],"wp:term":[{"taxonomy":"product_cat","embeddable":true,"href":"https:\/\/megapharm.al\/index.php?rest_route=%2Fwp%2Fv2%2Fproduct_cat&post=5982"},{"taxonomy":"product_tag","embeddable":true,"href":"https:\/\/megapharm.al\/index.php?rest_route=%2Fwp%2Fv2%2Fproduct_tag&post=5982"}],"curies":[{"name":"wp","href":"https:\/\/api.w.org\/{rel}","templated":true}]}}