{"id":5976,"date":"2021-01-24T10:33:10","date_gmt":"2021-01-24T10:33:10","guid":{"rendered":"http:\/\/megapharm.al\/index.php\/product\/import-placeholder-for-1842\/"},"modified":"2021-01-24T10:33:16","modified_gmt":"2021-01-24T10:33:16","slug":"blood-pressure-manual-a-20","status":"publish","type":"product","link":"https:\/\/megapharm.al\/?product=blood-pressure-manual-a-20","title":{"rendered":"Blood Pressure Manual A-20"},"content":{"rendered":"<p>Stetoskop i p\u00ebrfshire.22\u201436 cm me unaz\u00eb metalike t\u00eb fiksuar.<\/p>\n<p>Sfigmomanometer me cil\u00ebsi t\u00eb lart\u00eb.<\/p>\n","protected":false},"excerpt":{"rendered":"<p>Stetoskop i p\u00ebrfshire.22\u201436 cm me unaz\u00eb metalike t\u00eb fiksuar.<\/p>\n<p>Sfigmomanometer me cil\u00ebsi t\u00eb lart\u00eb.<\/p>\n","protected":false},"featured_media":5293,"comment_status":"open","ping_status":"closed","template":"","meta":[],"product_cat":[88],"product_tag":[],"class_list":{"0":"post-5976","1":"product","2":"type-product","3":"status-publish","4":"has-post-thumbnail","6":"product_cat-dr-frei","8":"first","9":"instock","10":"shipping-taxable","11":"product-type-simple"},"_links":{"self":[{"href":"https:\/\/megapharm.al\/index.php?rest_route=\/wp\/v2\/product\/5976","targetHints":{"allow":["GET"]}}],"collection":[{"href":"https:\/\/megapharm.al\/index.php?rest_route=\/wp\/v2\/product"}],"about":[{"href":"https:\/\/megapharm.al\/index.php?rest_route=\/wp\/v2\/types\/product"}],"replies":[{"embeddable":true,"href":"https:\/\/megapharm.al\/index.php?rest_route=%2Fwp%2Fv2%2Fcomments&post=5976"}],"wp:featuredmedia":[{"embeddable":true,"href":"https:\/\/megapharm.al\/index.php?rest_route=\/wp\/v2\/media\/5293"}],"wp:attachment":[{"href":"https:\/\/megapharm.al\/index.php?rest_route=%2Fwp%2Fv2%2Fmedia&parent=5976"}],"wp:term":[{"taxonomy":"product_cat","embeddable":true,"href":"https:\/\/megapharm.al\/index.php?rest_route=%2Fwp%2Fv2%2Fproduct_cat&post=5976"},{"taxonomy":"product_tag","embeddable":true,"href":"https:\/\/megapharm.al\/index.php?rest_route=%2Fwp%2Fv2%2Fproduct_tag&post=5976"}],"curies":[{"name":"wp","href":"https:\/\/api.w.org\/{rel}","templated":true}]}}