{"id":5966,"date":"2021-01-24T10:33:08","date_gmt":"2021-01-24T10:33:08","guid":{"rendered":"http:\/\/megapharm.al\/index.php\/product\/import-placeholder-for-1802\/"},"modified":"2021-01-24T10:33:14","modified_gmt":"2021-01-24T10:33:14","slug":"altacura-influgel","status":"publish","type":"product","link":"https:\/\/megapharm.al\/?product=altacura-influgel","title":{"rendered":"Altacura Influgel"},"content":{"rendered":"<p>Vitamin\u00eb C 1000mg, doza e lart\u00eb n\u00eb form\u00eb t\u00eb l\u00ebngshme, Propolisi, Zinku n\u00eb form\u00eb t\u00eb l\u00ebngshme, mjalt\u00eb, ekstrakt i limonit, Riboflavin (Vitamina B2).<\/p>\n<p>Paketimi: 10 bustina<\/p>\n","protected":false},"excerpt":{"rendered":"<p>Vitamin\u00eb C 1000mg, doza e lart\u00eb n\u00eb form\u00eb t\u00eb l\u00ebngshme, Propolisi, Zinku n\u00eb form\u00eb t\u00eb l\u00ebngshme, mjalt\u00eb, ekstrakt i limonit, Riboflavin (Vitamina B2).<\/p>\n<p>Paketimi: 10 bustina<\/p>\n","protected":false},"featured_media":5283,"comment_status":"open","ping_status":"closed","template":"","meta":[],"product_cat":[77,79],"product_tag":[],"class_list":{"0":"post-5966","1":"product","2":"type-product","3":"status-publish","4":"has-post-thumbnail","6":"product_cat-suplemente","7":"product_cat-altacare","9":"first","10":"instock","11":"shipping-taxable","12":"product-type-simple"},"_links":{"self":[{"href":"https:\/\/megapharm.al\/index.php?rest_route=\/wp\/v2\/product\/5966","targetHints":{"allow":["GET"]}}],"collection":[{"href":"https:\/\/megapharm.al\/index.php?rest_route=\/wp\/v2\/product"}],"about":[{"href":"https:\/\/megapharm.al\/index.php?rest_route=\/wp\/v2\/types\/product"}],"replies":[{"embeddable":true,"href":"https:\/\/megapharm.al\/index.php?rest_route=%2Fwp%2Fv2%2Fcomments&post=5966"}],"wp:featuredmedia":[{"embeddable":true,"href":"https:\/\/megapharm.al\/index.php?rest_route=\/wp\/v2\/media\/5283"}],"wp:attachment":[{"href":"https:\/\/megapharm.al\/index.php?rest_route=%2Fwp%2Fv2%2Fmedia&parent=5966"}],"wp:term":[{"taxonomy":"product_cat","embeddable":true,"href":"https:\/\/megapharm.al\/index.php?rest_route=%2Fwp%2Fv2%2Fproduct_cat&post=5966"},{"taxonomy":"product_tag","embeddable":true,"href":"https:\/\/megapharm.al\/index.php?rest_route=%2Fwp%2Fv2%2Fproduct_tag&post=5966"}],"curies":[{"name":"wp","href":"https:\/\/api.w.org\/{rel}","templated":true}]}}