{"id":5965,"date":"2021-01-24T10:33:08","date_gmt":"2021-01-24T10:33:08","guid":{"rendered":"http:\/\/megapharm.al\/index.php\/product\/import-placeholder-for-1801\/"},"modified":"2024-10-22T02:24:58","modified_gmt":"2024-10-22T02:24:58","slug":"altacura-broncotuss","status":"publish","type":"product","link":"https:\/\/megapharm.al\/?product=altacura-broncotuss","title":{"rendered":"Altacura Broncotuss"},"content":{"rendered":"<div dir=\"auto\">Altacura Broncotuss ka nj\u00eb veprim rrjedh\u00ebs q\u00eb qet\u00ebson dhe mbron trupin duke ndihmuar n\u00eb forcimin e sistemit imunitar kur ka ndryshime klimatike, ve\u00e7an\u00ebrisht gjat\u00eb muajve t\u00eb dimrit kur trupi duhet t\u00eb rezistoj\u00eb ndaj t\u00eb gjitha llojeve t\u00eb agresioneve. Kolla \u00ebsht\u00eb nj\u00eb nga simptomat kryesore kur njeriu vuan nga ftohja dhe gripi.<\/div>\n<div dir=\"auto\">Shurupet e koll\u00ebs Altacura jan\u00eb superiore ndaj shurupeve mjeksore t\u00eb koll\u00ebs pasi Altacura vepron si n\u00eb koll\u00eb ashtu edhe n\u00eb simptomat e ftohjes. Shurupet ekoll\u00ebs zakonisht veprojn\u00eb vet\u00ebm tek kolla dhe nuk kan\u00eb p\u00ebrb\u00ebr\u00ebs q\u00eb ndihmojn\u00eb trupin t\u00eb luftoj\u00eb t\u00eb ftohtin dhe gripin.<\/div>\n<div dir=\"auto\">P\u00ebrmban Vitamin C\u2192Parandalon gripin dhe t\u00eb ftohtin,Extract t\u00eb l\u00ebngsh\u00ebm te propolis\u2192Antibiotik natyral,Sodium&amp;Potasium\u2192effekt thar\u00ebs, Meadowsweet extract \u2192 antiinflamator, extract trumze \u2192 frenues i koll\u00ebs,portokalle\u2192burrim i vitamines C, Eukalipt\u2192 Bronkodilator.<\/div>\n<div dir=\"auto\">Perdoret per te gjitha moshat.Per femijet 0-3 vjec 5 ml 3 here ne dite,femijet nen 12 vjec 1 luge caji (5ml) cdo 4-6 ore,te rriturit nje luge gjelle(15ml) cdo 4-6 ore.Si parandalues te femijet nen 12 vjec nje luge caji (5ml) ne darke, te rriturit nje luge gjelle (15ml) ne darke.<\/div>\n","protected":false},"excerpt":{"rendered":"<div dir=\"auto\">Altacura Broncotuss ka nj\u00eb veprim rrjedh\u00ebs q\u00eb qet\u00ebson dhe mbron trupin duke ndihmuar n\u00eb forcimin e sistemit imunitar kur ka ndryshime klimatike, ve\u00e7an\u00ebrisht gjat\u00eb muajve t\u00eb dimrit kur trupi duhet t\u00eb rezistoj\u00eb ndaj t\u00eb gjitha llojeve t\u00eb agresioneve. Kolla \u00ebsht\u00eb nj\u00eb nga simptomat kryesore kur njeriu vuan nga ftohja dhe gripi.<\/div>\n<div dir=\"auto\">Shurupet e koll\u00ebs Altacura jan\u00eb superiore ndaj shurupeve mjeksore t\u00eb koll\u00ebs pasi Altacura vepron si n\u00eb koll\u00eb ashtu edhe n\u00eb simptomat e ftohjes. Shurupet ekoll\u00ebs zakonisht veprojn\u00eb vet\u00ebm tek kolla dhe nuk kan\u00eb p\u00ebrb\u00ebr\u00ebs q\u00eb ndihmojn\u00eb trupin t\u00eb luftoj\u00eb t\u00eb ftohtin dhe gripin.<\/div>\n<div dir=\"auto\">P\u00ebrmban Vitamin C\u2192Parandalon gripin dhe t\u00eb ftohtin,Extract t\u00eb l\u00ebngsh\u00ebm te propolis\u2192Antibiotik natyral,Sodium&amp;Potasium\u2192effekt thar\u00ebs, Meadowsweet extract \u2192 antiinflamator, extract trumze \u2192 frenues i koll\u00ebs,portokalle\u2192burrim i vitamines C, Eukalipt\u2192 Bronkodilator.<\/div>\n<div dir=\"auto\">Perdoret per te gjitha moshat.Per femijet 0-3 vjec 5 ml 3 here ne dite,femijet nen 12 vjec 1 luge caji (5ml) cdo 4-6 ore,te rriturit nje luge gjelle(15ml) cdo 4-6 ore.Si parandalues te femijet nen 12 vjec nje luge caji (5ml) ne darke, te rriturit nje luge gjelle (15ml) ne darke.<\/div>\n","protected":false},"featured_media":5282,"comment_status":"open","ping_status":"closed","template":"","meta":[],"product_cat":[77,79],"product_tag":[],"class_list":{"0":"post-5965","1":"product","2":"type-product","3":"status-publish","4":"has-post-thumbnail","6":"product_cat-suplemente","7":"product_cat-altacare","9":"first","10":"instock","11":"shipping-taxable","12":"product-type-simple"},"_links":{"self":[{"href":"https:\/\/megapharm.al\/index.php?rest_route=\/wp\/v2\/product\/5965","targetHints":{"allow":["GET"]}}],"collection":[{"href":"https:\/\/megapharm.al\/index.php?rest_route=\/wp\/v2\/product"}],"about":[{"href":"https:\/\/megapharm.al\/index.php?rest_route=\/wp\/v2\/types\/product"}],"replies":[{"embeddable":true,"href":"https:\/\/megapharm.al\/index.php?rest_route=%2Fwp%2Fv2%2Fcomments&post=5965"}],"wp:featuredmedia":[{"embeddable":true,"href":"https:\/\/megapharm.al\/index.php?rest_route=\/wp\/v2\/media\/5282"}],"wp:attachment":[{"href":"https:\/\/megapharm.al\/index.php?rest_route=%2Fwp%2Fv2%2Fmedia&parent=5965"}],"wp:term":[{"taxonomy":"product_cat","embeddable":true,"href":"https:\/\/megapharm.al\/index.php?rest_route=%2Fwp%2Fv2%2Fproduct_cat&post=5965"},{"taxonomy":"product_tag","embeddable":true,"href":"https:\/\/megapharm.al\/index.php?rest_route=%2Fwp%2Fv2%2Fproduct_tag&post=5965"}],"curies":[{"name":"wp","href":"https:\/\/api.w.org\/{rel}","templated":true}]}}