{"id":5964,"date":"2021-01-24T10:33:08","date_gmt":"2021-01-24T10:33:08","guid":{"rendered":"http:\/\/megapharm.al\/index.php\/product\/import-placeholder-for-1800\/"},"modified":"2021-01-24T10:33:13","modified_gmt":"2021-01-24T10:33:13","slug":"keto-z-shampo","status":"publish","type":"product","link":"https:\/\/megapharm.al\/?product=keto-z-shampo","title":{"rendered":"Keto &#8211; Z Shampo"},"content":{"rendered":"<p>KETO-Z Shampo \u00ebsht\u00eb shampo mjek\u00ebsore ideale p\u00ebr p\u00ebrdorim n\u00eb rastet e infeksioneve mikse. Ka 4 p\u00ebrb\u00ebr\u00ebs terapeutik:<br \/>\n&#8211; Octipirox p\u00ebrb\u00ebrje anti alergjike<br \/>\n&#8211; Tea tree Oil p\u00ebrb\u00ebr\u00ebs antibakterial<br \/>\n&#8211; Klimbazole p\u00ebrb\u00ebr\u00ebs antifungal.<br \/>\n&#8211; Zinc p\u00ebrb\u00ebr\u00ebs antinflamator.<br \/>\nMund t\u00eb perdoret p\u00ebr flok\u00ebt &amp; trupin dhe ka arom\u00eb m\u00eb k\u00ebndshme.<br \/>\nP\u00ebrdorimi: Aplikoni shampon n\u00eb flok\u00eb ose n\u00eb pjes\u00ebt e trupit ku \u00ebsht\u00eb e nevojshme. L\u00ebreni shampon t\u00eb pakt\u00ebn 5 minuta para se ta shp\u00ebrlani.<br \/>\nPaketimi:\u00a0 200 ml<\/p>\n","protected":false},"excerpt":{"rendered":"<p>KETO-Z Shampo \u00ebsht\u00eb shampo mjek\u00ebsore ideale p\u00ebr p\u00ebrdorim n\u00eb rastet e infeksioneve mikse. Ka 4 p\u00ebrb\u00ebr\u00ebs terapeutik:<br \/>\n&#8211; Octipirox p\u00ebrb\u00ebrje anti alergjike<br \/>\n&#8211; Tea tree Oil p\u00ebrb\u00ebr\u00ebs antibakterial<br \/>\n&#8211; Klimbazole p\u00ebrb\u00ebr\u00ebs antifungal.<br \/>\n&#8211; Zinc p\u00ebrb\u00ebr\u00ebs antinflamator.<br \/>\nMund t\u00eb perdoret p\u00ebr flok\u00ebt &amp; trupin dhe ka arom\u00eb m\u00eb k\u00ebndshme.<br \/>\nP\u00ebrdorimi: Aplikoni shampon n\u00eb flok\u00eb ose n\u00eb pjes\u00ebt e trupit ku \u00ebsht\u00eb e nevojshme. L\u00ebreni shampon t\u00eb pakt\u00ebn 5 minuta para se ta shp\u00ebrlani.<br \/>\nPaketimi:\u00a0 200 ml<\/p>\n","protected":false},"featured_media":5281,"comment_status":"open","ping_status":"closed","template":"","meta":[],"product_cat":[77,79],"product_tag":[],"class_list":{"0":"post-5964","1":"product","2":"type-product","3":"status-publish","4":"has-post-thumbnail","6":"product_cat-suplemente","7":"product_cat-altacare","9":"first","10":"instock","11":"shipping-taxable","12":"product-type-simple"},"_links":{"self":[{"href":"https:\/\/megapharm.al\/index.php?rest_route=\/wp\/v2\/product\/5964","targetHints":{"allow":["GET"]}}],"collection":[{"href":"https:\/\/megapharm.al\/index.php?rest_route=\/wp\/v2\/product"}],"about":[{"href":"https:\/\/megapharm.al\/index.php?rest_route=\/wp\/v2\/types\/product"}],"replies":[{"embeddable":true,"href":"https:\/\/megapharm.al\/index.php?rest_route=%2Fwp%2Fv2%2Fcomments&post=5964"}],"wp:featuredmedia":[{"embeddable":true,"href":"https:\/\/megapharm.al\/index.php?rest_route=\/wp\/v2\/media\/5281"}],"wp:attachment":[{"href":"https:\/\/megapharm.al\/index.php?rest_route=%2Fwp%2Fv2%2Fmedia&parent=5964"}],"wp:term":[{"taxonomy":"product_cat","embeddable":true,"href":"https:\/\/megapharm.al\/index.php?rest_route=%2Fwp%2Fv2%2Fproduct_cat&post=5964"},{"taxonomy":"product_tag","embeddable":true,"href":"https:\/\/megapharm.al\/index.php?rest_route=%2Fwp%2Fv2%2Fproduct_tag&post=5964"}],"curies":[{"name":"wp","href":"https:\/\/api.w.org\/{rel}","templated":true}]}}