{"id":5963,"date":"2021-01-24T10:33:07","date_gmt":"2021-01-24T10:33:07","guid":{"rendered":"http:\/\/megapharm.al\/index.php\/product\/import-placeholder-for-1798\/"},"modified":"2021-01-24T10:33:13","modified_gmt":"2021-01-24T10:33:13","slug":"altadrine-thalasso-drink","status":"publish","type":"product","link":"https:\/\/megapharm.al\/?product=altadrine-thalasso-drink","title":{"rendered":"Altadrine Thalasso Drink"},"content":{"rendered":"<p>ALTADRINE Thalasso Drink \u00a0\u00ebsht\u00eb nj\u00eb pije detoksifikimi me alga, polisaharide, fukus, vitamina dhe minerale t\u00eb cilta ndihmojn\u00eb n\u00eb funksionin fiziliologjik, depurative dhe procesit t\u00eb drenimit. Rrit metabolizmin dhe gjithashtu ndihmon n\u00eb kontrollin e pesh\u00ebs.<br \/>\nP\u00ebrdorimi: 1 bustin\u00eb n\u00eb 1 lit\u00ebr uj\u00eb. Konsumohet gjat\u00eb dit\u00ebs.<br \/>\nPaketimi: 7 bustina<\/p>\n","protected":false},"excerpt":{"rendered":"<p>ALTADRINE Thalasso Drink \u00a0\u00ebsht\u00eb nj\u00eb pije detoksifikimi me alga, polisaharide, fukus, vitamina dhe minerale t\u00eb cilta ndihmojn\u00eb n\u00eb funksionin fiziliologjik, depurative dhe procesit t\u00eb drenimit. Rrit metabolizmin dhe gjithashtu ndihmon n\u00eb kontrollin e pesh\u00ebs.<br \/>\nP\u00ebrdorimi: 1 bustin\u00eb n\u00eb 1 lit\u00ebr uj\u00eb. Konsumohet gjat\u00eb dit\u00ebs.<br \/>\nPaketimi: 7 bustina<\/p>\n","protected":false},"featured_media":5280,"comment_status":"open","ping_status":"closed","template":"","meta":[],"product_cat":[77,79],"product_tag":[],"class_list":{"0":"post-5963","1":"product","2":"type-product","3":"status-publish","4":"has-post-thumbnail","6":"product_cat-suplemente","7":"product_cat-altacare","9":"first","10":"instock","11":"shipping-taxable","12":"product-type-simple"},"_links":{"self":[{"href":"https:\/\/megapharm.al\/index.php?rest_route=\/wp\/v2\/product\/5963","targetHints":{"allow":["GET"]}}],"collection":[{"href":"https:\/\/megapharm.al\/index.php?rest_route=\/wp\/v2\/product"}],"about":[{"href":"https:\/\/megapharm.al\/index.php?rest_route=\/wp\/v2\/types\/product"}],"replies":[{"embeddable":true,"href":"https:\/\/megapharm.al\/index.php?rest_route=%2Fwp%2Fv2%2Fcomments&post=5963"}],"wp:featuredmedia":[{"embeddable":true,"href":"https:\/\/megapharm.al\/index.php?rest_route=\/wp\/v2\/media\/5280"}],"wp:attachment":[{"href":"https:\/\/megapharm.al\/index.php?rest_route=%2Fwp%2Fv2%2Fmedia&parent=5963"}],"wp:term":[{"taxonomy":"product_cat","embeddable":true,"href":"https:\/\/megapharm.al\/index.php?rest_route=%2Fwp%2Fv2%2Fproduct_cat&post=5963"},{"taxonomy":"product_tag","embeddable":true,"href":"https:\/\/megapharm.al\/index.php?rest_route=%2Fwp%2Fv2%2Fproduct_tag&post=5963"}],"curies":[{"name":"wp","href":"https:\/\/api.w.org\/{rel}","templated":true}]}}