{"id":5959,"date":"2021-01-24T10:33:07","date_gmt":"2021-01-24T10:33:07","guid":{"rendered":"http:\/\/megapharm.al\/index.php\/product\/import-placeholder-for-1793\/"},"modified":"2021-01-24T10:33:12","modified_gmt":"2021-01-24T10:33:12","slug":"cardiosteroil-krill-oil","status":"publish","type":"product","link":"https:\/\/megapharm.al\/?product=cardiosteroil-krill-oil","title":{"rendered":"Cardiosteroil Krill Oil"},"content":{"rendered":"<p>Indikohet tek ata persona t\u00eb cil\u00ebt vuajn\u00eb nga kolesteroli i lart\u00eb dhe hipertensioni.Cardiosteroil mund t\u00eb merret s\u00ebbashku me statina:<br \/>\nP\u00ebrb\u00ebrsit:<br \/>\nOmega 3 \u2192 parandalon arteriosklerozen dhe s\u00ebmundjet koronare.<br \/>\nPhospholipids \u2192 veprim Antioksidant<br \/>\nAstaxanthin \u2192 veprim Antioksidant<br \/>\nP\u00ebrdorimi: 1-2 kapsula n\u00eb dit\u00eb<\/p>\n<p>Paketimi: 30 kapsula t\u00eb forta<\/p>\n","protected":false},"excerpt":{"rendered":"<p>Indikohet tek ata persona t\u00eb cil\u00ebt vuajn\u00eb nga kolesteroli i lart\u00eb dhe hipertensioni.Cardiosteroil mund t\u00eb merret s\u00ebbashku me statina:<br \/>\nP\u00ebrb\u00ebrsit:<br \/>\nOmega 3 \u2192 parandalon arteriosklerozen dhe s\u00ebmundjet koronare.<br \/>\nPhospholipids \u2192 veprim Antioksidant<br \/>\nAstaxanthin \u2192 veprim Antioksidant<br \/>\nP\u00ebrdorimi: 1-2 kapsula n\u00eb dit\u00eb<\/p>\n<p>Paketimi: 30 kapsula t\u00eb forta<\/p>\n","protected":false},"featured_media":5276,"comment_status":"open","ping_status":"closed","template":"","meta":[],"product_cat":[77,79],"product_tag":[],"class_list":{"0":"post-5959","1":"product","2":"type-product","3":"status-publish","4":"has-post-thumbnail","6":"product_cat-suplemente","7":"product_cat-altacare","9":"first","10":"instock","11":"shipping-taxable","12":"product-type-simple"},"_links":{"self":[{"href":"https:\/\/megapharm.al\/index.php?rest_route=\/wp\/v2\/product\/5959","targetHints":{"allow":["GET"]}}],"collection":[{"href":"https:\/\/megapharm.al\/index.php?rest_route=\/wp\/v2\/product"}],"about":[{"href":"https:\/\/megapharm.al\/index.php?rest_route=\/wp\/v2\/types\/product"}],"replies":[{"embeddable":true,"href":"https:\/\/megapharm.al\/index.php?rest_route=%2Fwp%2Fv2%2Fcomments&post=5959"}],"wp:featuredmedia":[{"embeddable":true,"href":"https:\/\/megapharm.al\/index.php?rest_route=\/wp\/v2\/media\/5276"}],"wp:attachment":[{"href":"https:\/\/megapharm.al\/index.php?rest_route=%2Fwp%2Fv2%2Fmedia&parent=5959"}],"wp:term":[{"taxonomy":"product_cat","embeddable":true,"href":"https:\/\/megapharm.al\/index.php?rest_route=%2Fwp%2Fv2%2Fproduct_cat&post=5959"},{"taxonomy":"product_tag","embeddable":true,"href":"https:\/\/megapharm.al\/index.php?rest_route=%2Fwp%2Fv2%2Fproduct_tag&post=5959"}],"curies":[{"name":"wp","href":"https:\/\/api.w.org\/{rel}","templated":true}]}}