{"id":5958,"date":"2021-01-24T10:33:07","date_gmt":"2021-01-24T10:33:07","guid":{"rendered":"http:\/\/megapharm.al\/index.php\/product\/import-placeholder-for-1792\/"},"modified":"2024-10-26T04:51:02","modified_gmt":"2024-10-26T04:51:02","slug":"cardiosteroil-garlicq10","status":"publish","type":"product","link":"https:\/\/megapharm.al\/?product=cardiosteroil-garlicq10","title":{"rendered":"Cardiosteroil Garlic+Q10"},"content":{"rendered":"<p>Cardiosteroil Garlic + Co Q10 jan\u00eb p\u00ebrb\u00ebr\u00ebs shum\u00eb t\u00eb r\u00ebnd\u00ebsish\u00ebm p\u00ebr nj\u00eb zem\u00ebr t\u00eb sh\u00ebndetshme dhe veprojn\u00eb ne m\u00ebnyr\u00eb sinergjike. Hudhra ndihmon p\u00ebr t\u00eb mbrojtur zemr\u00ebn dhe Co Q10 ndihmon p\u00ebr ti dh\u00ebn\u00eb energji. Hudhra redukton oksidimin e kolesterolit LDL, I cili \u00ebsht\u00eb faktori kryesor n\u00eb arterioskleroze dhe CoQ10 \u00ebsht\u00eb p\u00ebrgjegj\u00ebse p\u00ebr trasportimin e elektroneve n\u00eb zinxhirin respirator. Parandalon arterioskleroz\u00ebn. Leht\u00ebson qarkullimin e gjakut. Rregullon ritmin e zemr\u00ebs<br \/>\nPerdorimi: 1-2 kapsula ne dit\u00eb.<\/p>\n<p>Paketimi: 40 kapsula t\u00eb forta<\/p>\n","protected":false},"excerpt":{"rendered":"<p>Cardiosteroil Garlic + Co Q10 jan\u00eb p\u00ebrb\u00ebr\u00ebs shum\u00eb t\u00eb r\u00ebnd\u00ebsish\u00ebm p\u00ebr nj\u00eb zem\u00ebr t\u00eb sh\u00ebndetshme dhe veprojn\u00eb ne m\u00ebnyr\u00eb sinergjike. Hudhra ndihmon p\u00ebr t\u00eb mbrojtur zemr\u00ebn dhe Co Q10 ndihmon p\u00ebr ti dh\u00ebn\u00eb energji. Hudhra redukton oksidimin e kolesterolit LDL, I cili \u00ebsht\u00eb faktori kryesor n\u00eb arterioskleroze dhe CoQ10 \u00ebsht\u00eb p\u00ebrgjegj\u00ebse p\u00ebr trasportimin e elektroneve n\u00eb zinxhirin respirator. Parandalon arterioskleroz\u00ebn. Leht\u00ebson qarkullimin e gjakut. Rregullon ritmin e zemr\u00ebs<br \/>\nPerdorimi: 1-2 kapsula ne dit\u00eb.<\/p>\n<p>Paketimi: 40 kapsula t\u00eb forta<\/p>\n","protected":false},"featured_media":5275,"comment_status":"open","ping_status":"closed","template":"","meta":[],"product_cat":[77,79],"product_tag":[],"class_list":{"0":"post-5958","1":"product","2":"type-product","3":"status-publish","4":"has-post-thumbnail","6":"product_cat-suplemente","7":"product_cat-altacare","9":"first","10":"instock","11":"shipping-taxable","12":"product-type-simple"},"_links":{"self":[{"href":"https:\/\/megapharm.al\/index.php?rest_route=\/wp\/v2\/product\/5958","targetHints":{"allow":["GET"]}}],"collection":[{"href":"https:\/\/megapharm.al\/index.php?rest_route=\/wp\/v2\/product"}],"about":[{"href":"https:\/\/megapharm.al\/index.php?rest_route=\/wp\/v2\/types\/product"}],"replies":[{"embeddable":true,"href":"https:\/\/megapharm.al\/index.php?rest_route=%2Fwp%2Fv2%2Fcomments&post=5958"}],"wp:featuredmedia":[{"embeddable":true,"href":"https:\/\/megapharm.al\/index.php?rest_route=\/wp\/v2\/media\/5275"}],"wp:attachment":[{"href":"https:\/\/megapharm.al\/index.php?rest_route=%2Fwp%2Fv2%2Fmedia&parent=5958"}],"wp:term":[{"taxonomy":"product_cat","embeddable":true,"href":"https:\/\/megapharm.al\/index.php?rest_route=%2Fwp%2Fv2%2Fproduct_cat&post=5958"},{"taxonomy":"product_tag","embeddable":true,"href":"https:\/\/megapharm.al\/index.php?rest_route=%2Fwp%2Fv2%2Fproduct_tag&post=5958"}],"curies":[{"name":"wp","href":"https:\/\/api.w.org\/{rel}","templated":true}]}}