{"id":5957,"date":"2021-01-24T10:33:07","date_gmt":"2021-01-24T10:33:07","guid":{"rendered":"http:\/\/megapharm.al\/index.php\/product\/import-placeholder-for-1791\/"},"modified":"2021-01-24T10:33:12","modified_gmt":"2021-01-24T10:33:12","slug":"cardiosteroil-3-6-9","status":"publish","type":"product","link":"https:\/\/megapharm.al\/?product=cardiosteroil-3-6-9","title":{"rendered":"Cardiosteroil 3-6-9"},"content":{"rendered":"<p>Cardiosteroil S.L.O redukton kolesterolin e keq (LDl) n\u00eb gjak deri n\u00eb 27 %, duke mbajtur nivelet e duhura LDL dhe zemr\u00ebn t\u00eb sh\u00ebndetshme. Omega 3-6-9 dhe vaji i m\u00eblcise se peshkaqenit ndihmon p\u00ebr t\u00eb mbajtur indet dhe kapilaret n\u00eb tonus, duke parandaluar arterioskleroz\u00ebn. Cardiosteroil S.L.O mund te administrohet bashk\u00eb me statinat.<br \/>\nPerdorimi: 1-2 kapsula ne dit\u00eb.<\/p>\n<p>Paketimi; 40 kapsula te buta.<\/p>\n","protected":false},"excerpt":{"rendered":"<p>Cardiosteroil S.L.O redukton kolesterolin e keq (LDl) n\u00eb gjak deri n\u00eb 27 %, duke mbajtur nivelet e duhura LDL dhe zemr\u00ebn t\u00eb sh\u00ebndetshme. Omega 3-6-9 dhe vaji i m\u00eblcise se peshkaqenit ndihmon p\u00ebr t\u00eb mbajtur indet dhe kapilaret n\u00eb tonus, duke parandaluar arterioskleroz\u00ebn. Cardiosteroil S.L.O mund te administrohet bashk\u00eb me statinat.<br \/>\nPerdorimi: 1-2 kapsula ne dit\u00eb.<\/p>\n<p>Paketimi; 40 kapsula te buta.<\/p>\n","protected":false},"featured_media":5274,"comment_status":"open","ping_status":"closed","template":"","meta":[],"product_cat":[77,79],"product_tag":[],"class_list":{"0":"post-5957","1":"product","2":"type-product","3":"status-publish","4":"has-post-thumbnail","6":"product_cat-suplemente","7":"product_cat-altacare","9":"first","10":"instock","11":"shipping-taxable","12":"product-type-simple"},"_links":{"self":[{"href":"https:\/\/megapharm.al\/index.php?rest_route=\/wp\/v2\/product\/5957","targetHints":{"allow":["GET"]}}],"collection":[{"href":"https:\/\/megapharm.al\/index.php?rest_route=\/wp\/v2\/product"}],"about":[{"href":"https:\/\/megapharm.al\/index.php?rest_route=\/wp\/v2\/types\/product"}],"replies":[{"embeddable":true,"href":"https:\/\/megapharm.al\/index.php?rest_route=%2Fwp%2Fv2%2Fcomments&post=5957"}],"wp:featuredmedia":[{"embeddable":true,"href":"https:\/\/megapharm.al\/index.php?rest_route=\/wp\/v2\/media\/5274"}],"wp:attachment":[{"href":"https:\/\/megapharm.al\/index.php?rest_route=%2Fwp%2Fv2%2Fmedia&parent=5957"}],"wp:term":[{"taxonomy":"product_cat","embeddable":true,"href":"https:\/\/megapharm.al\/index.php?rest_route=%2Fwp%2Fv2%2Fproduct_cat&post=5957"},{"taxonomy":"product_tag","embeddable":true,"href":"https:\/\/megapharm.al\/index.php?rest_route=%2Fwp%2Fv2%2Fproduct_tag&post=5957"}],"curies":[{"name":"wp","href":"https:\/\/api.w.org\/{rel}","templated":true}]}}