{"id":5955,"date":"2021-01-24T10:33:06","date_gmt":"2021-01-24T10:33:06","guid":{"rendered":"http:\/\/megapharm.al\/index.php\/product\/import-placeholder-for-1789\/"},"modified":"2022-09-10T01:55:46","modified_gmt":"2022-09-10T01:55:46","slug":"altaflora-gastrogel","status":"publish","type":"product","link":"https:\/\/megapharm.al\/?product=altaflora-gastrogel","title":{"rendered":"Altaflora Gastrogel"},"content":{"rendered":"<p>Altaflora gastrogel shurup \u00ebsht\u00eb nj\u00eb formul\u00eb unike me p\u00ebrb\u00ebrje t\u00eb p\u00ebrq\u00ebndruar aloe vera, vaj menteje dhe enzima p\u00ebr tretje, t\u00eb kombinuar me bim\u00eb t\u00eb cilat jan\u00eb t\u00eb njohura p\u00ebr vetit\u00eb e tyre qet\u00ebsuese dhe tret\u00ebse. Gastrogel rikthen levizjen gastrike n\u00eb rastet e problemeve me tretjen.<br \/>\nP\u00ebrdorimi: 10 ml (ose 1 luge) pas vakteve ose n\u00eb shfaqjen e simptomave. Tundet shishja para p\u00ebrdorimit.<\/p>\n<p>Paketimi: 500 ml<\/p>\n","protected":false},"excerpt":{"rendered":"<p>Altaflora gastrogel shurup \u00ebsht\u00eb nj\u00eb formul\u00eb unike me p\u00ebrb\u00ebrje t\u00eb p\u00ebrq\u00ebndruar aloe vera, vaj menteje dhe enzima p\u00ebr tretje, t\u00eb kombinuar me bim\u00eb t\u00eb cilat jan\u00eb t\u00eb njohura p\u00ebr vetit\u00eb e tyre qet\u00ebsuese dhe tret\u00ebse. Gastrogel rikthen levizjen gastrike n\u00eb rastet e problemeve me tretjen.<br \/>\nP\u00ebrdorimi: 10 ml (ose 1 luge) pas vakteve ose n\u00eb shfaqjen e simptomave. Tundet shishja para p\u00ebrdorimit.<\/p>\n<p>Paketimi: 500 ml<\/p>\n","protected":false},"featured_media":5272,"comment_status":"open","ping_status":"closed","template":"","meta":[],"product_cat":[77,79],"product_tag":[],"class_list":{"0":"post-5955","1":"product","2":"type-product","3":"status-publish","4":"has-post-thumbnail","6":"product_cat-suplemente","7":"product_cat-altacare","9":"first","10":"instock","11":"shipping-taxable","12":"product-type-simple"},"_links":{"self":[{"href":"https:\/\/megapharm.al\/index.php?rest_route=\/wp\/v2\/product\/5955","targetHints":{"allow":["GET"]}}],"collection":[{"href":"https:\/\/megapharm.al\/index.php?rest_route=\/wp\/v2\/product"}],"about":[{"href":"https:\/\/megapharm.al\/index.php?rest_route=\/wp\/v2\/types\/product"}],"replies":[{"embeddable":true,"href":"https:\/\/megapharm.al\/index.php?rest_route=%2Fwp%2Fv2%2Fcomments&post=5955"}],"wp:featuredmedia":[{"embeddable":true,"href":"https:\/\/megapharm.al\/index.php?rest_route=\/wp\/v2\/media\/5272"}],"wp:attachment":[{"href":"https:\/\/megapharm.al\/index.php?rest_route=%2Fwp%2Fv2%2Fmedia&parent=5955"}],"wp:term":[{"taxonomy":"product_cat","embeddable":true,"href":"https:\/\/megapharm.al\/index.php?rest_route=%2Fwp%2Fv2%2Fproduct_cat&post=5955"},{"taxonomy":"product_tag","embeddable":true,"href":"https:\/\/megapharm.al\/index.php?rest_route=%2Fwp%2Fv2%2Fproduct_tag&post=5955"}],"curies":[{"name":"wp","href":"https:\/\/api.w.org\/{rel}","templated":true}]}}