{"id":5954,"date":"2021-01-24T10:33:06","date_gmt":"2021-01-24T10:33:06","guid":{"rendered":"http:\/\/megapharm.al\/index.php\/product\/import-placeholder-for-1788\/"},"modified":"2021-01-24T10:33:11","modified_gmt":"2021-01-24T10:33:11","slug":"altaflora-electrolytes","status":"publish","type":"product","link":"https:\/\/megapharm.al\/?product=altaflora-electrolytes","title":{"rendered":"Altaflora Electrolytes"},"content":{"rendered":"<p>Altaflora Electrolytes p\u00ebrmban laktobacile dhe enterobacile, \u201cbacteria e mir\u00eb\u201d \u00ebsht\u00eb e nevojshme p\u00ebr t\u00eb riekuilibruar flor\u00ebn bakteriale intesinale. Formula \u00ebsht\u00eb e vecant\u00eb sepse p\u00ebrvec, rikthimit t\u00eb flor\u00ebs, z\u00ebvend\u00ebsohen gjithashtu natriumi, calciumi dhe krip\u00ebrat e magnezit.<br \/>\nP\u00ebrdorimi: 1 bustin\u00eb tretet n\u00eb 200 ml uj\u00eb. K\u00ebshillohet 1-2 bustina n\u00eb dit\u00eb.<\/p>\n<p>Paketimi: 10 bustina<\/p>\n","protected":false},"excerpt":{"rendered":"<p>Altaflora Electrolytes p\u00ebrmban laktobacile dhe enterobacile, \u201cbacteria e mir\u00eb\u201d \u00ebsht\u00eb e nevojshme p\u00ebr t\u00eb riekuilibruar flor\u00ebn bakteriale intesinale. Formula \u00ebsht\u00eb e vecant\u00eb sepse p\u00ebrvec, rikthimit t\u00eb flor\u00ebs, z\u00ebvend\u00ebsohen gjithashtu natriumi, calciumi dhe krip\u00ebrat e magnezit.<br \/>\nP\u00ebrdorimi: 1 bustin\u00eb tretet n\u00eb 200 ml uj\u00eb. K\u00ebshillohet 1-2 bustina n\u00eb dit\u00eb.<\/p>\n<p>Paketimi: 10 bustina<\/p>\n","protected":false},"featured_media":5271,"comment_status":"open","ping_status":"closed","template":"","meta":[],"product_cat":[77,79],"product_tag":[],"class_list":{"0":"post-5954","1":"product","2":"type-product","3":"status-publish","4":"has-post-thumbnail","6":"product_cat-suplemente","7":"product_cat-altacare","9":"first","10":"instock","11":"shipping-taxable","12":"product-type-simple"},"_links":{"self":[{"href":"https:\/\/megapharm.al\/index.php?rest_route=\/wp\/v2\/product\/5954","targetHints":{"allow":["GET"]}}],"collection":[{"href":"https:\/\/megapharm.al\/index.php?rest_route=\/wp\/v2\/product"}],"about":[{"href":"https:\/\/megapharm.al\/index.php?rest_route=\/wp\/v2\/types\/product"}],"replies":[{"embeddable":true,"href":"https:\/\/megapharm.al\/index.php?rest_route=%2Fwp%2Fv2%2Fcomments&post=5954"}],"wp:featuredmedia":[{"embeddable":true,"href":"https:\/\/megapharm.al\/index.php?rest_route=\/wp\/v2\/media\/5271"}],"wp:attachment":[{"href":"https:\/\/megapharm.al\/index.php?rest_route=%2Fwp%2Fv2%2Fmedia&parent=5954"}],"wp:term":[{"taxonomy":"product_cat","embeddable":true,"href":"https:\/\/megapharm.al\/index.php?rest_route=%2Fwp%2Fv2%2Fproduct_cat&post=5954"},{"taxonomy":"product_tag","embeddable":true,"href":"https:\/\/megapharm.al\/index.php?rest_route=%2Fwp%2Fv2%2Fproduct_tag&post=5954"}],"curies":[{"name":"wp","href":"https:\/\/api.w.org\/{rel}","templated":true}]}}