{"id":7411,"date":"2021-12-15T22:46:25","date_gmt":"2021-12-15T22:46:25","guid":{"rendered":"https:\/\/megapharm.al\/?page_id=7411"},"modified":"2021-12-15T23:06:59","modified_gmt":"2021-12-15T23:06:59","slug":"edukimi-dhe-trajnimi","status":"publish","type":"page","link":"https:\/\/megapharm.al\/?page_id=7411","title":{"rendered":"Edukimi dhe Trajnimi"},"content":{"rendered":"\t\t<div data-elementor-type=\"wp-page\" data-elementor-id=\"7411\" class=\"elementor elementor-7411\" data-elementor-post-type=\"page\">\n\t\t\t\t\t\t<section data-particle_enable=\"false\" data-particle-mobile-disabled=\"false\" class=\"elementor-section elementor-top-section elementor-element elementor-element-0274ee1 elementor-section-boxed elementor-section-height-default elementor-section-height-default\" data-id=\"0274ee1\" data-element_type=\"section\" data-settings=\"{&quot;background_background&quot;:&quot;classic&quot;,&quot;shape_divider_bottom&quot;:&quot;tilt&quot;}\">\n\t\t\t\t\t<div class=\"elementor-shape elementor-shape-bottom\" data-negative=\"false\">\n\t\t\t<svg xmlns=\"http:\/\/www.w3.org\/2000\/svg\" viewBox=\"0 0 1000 100\" preserveAspectRatio=\"none\">\n\t<path class=\"elementor-shape-fill\" d=\"M0,6V0h1000v100L0,6z\"\/>\n<\/svg>\t\t<\/div>\n\t\t\t\t\t<div class=\"elementor-container elementor-column-gap-no\">\n\t\t\t\t\t<div class=\"elementor-column elementor-col-100 elementor-top-column elementor-element elementor-element-0ed7857\" data-id=\"0ed7857\" data-element_type=\"column\">\n\t\t\t<div class=\"elementor-widget-wrap\">\n\t\t\t\t\t\t\t<\/div>\n\t\t<\/div>\n\t\t\t\t\t<\/div>\n\t\t<\/section>\n\t\t\t\t<section data-particle_enable=\"false\" data-particle-mobile-disabled=\"false\" class=\"elementor-section elementor-top-section elementor-element elementor-element-dc3849a elementor-section-boxed elementor-section-height-default elementor-section-height-default\" data-id=\"dc3849a\" data-element_type=\"section\">\n\t\t\t\t\t\t<div class=\"elementor-container elementor-column-gap-default\">\n\t\t\t\t\t<div class=\"elementor-column elementor-col-100 elementor-top-column elementor-element elementor-element-ed13b14\" data-id=\"ed13b14\" data-element_type=\"column\">\n\t\t\t<div class=\"elementor-widget-wrap elementor-element-populated\">\n\t\t\t\t\t\t<section data-particle_enable=\"false\" data-particle-mobile-disabled=\"false\" class=\"elementor-section elementor-inner-section elementor-element elementor-element-3d27fcb elementor-section-boxed elementor-section-height-default elementor-section-height-default\" data-id=\"3d27fcb\" data-element_type=\"section\">\n\t\t\t\t\t\t<div class=\"elementor-container elementor-column-gap-default\">\n\t\t\t\t\t<div class=\"elementor-column elementor-col-50 elementor-inner-column elementor-element elementor-element-0e374bb\" data-id=\"0e374bb\" data-element_type=\"column\">\n\t\t\t<div class=\"elementor-widget-wrap elementor-element-populated\">\n\t\t\t\t\t\t<div class=\"elementor-element elementor-element-2397c82 elementor-view-default elementor-widget elementor-widget-icon\" data-id=\"2397c82\" data-element_type=\"widget\" data-widget_type=\"icon.default\">\n\t\t\t\t<div class=\"elementor-widget-container\">\n\t\t\t\t\t<div class=\"elementor-icon-wrapper\">\n\t\t\t<div class=\"elementor-icon\">\n\t\t\t<svg xmlns=\"http:\/\/www.w3.org\/2000\/svg\" width=\"89\" height=\"89\" viewBox=\"0 0 89 89\" fill=\"none\"><path opacity=\"0.1\" fill-rule=\"evenodd\" clip-rule=\"evenodd\" d=\"M44.5 89C69.0767 89 89 69.0767 89 44.5C89 19.9233 69.0767 0 44.5 0C19.9233 0 0 19.9233 0 44.5C0 69.0767 19.9233 89 44.5 89Z\" fill=\"#ED1C24\"><\/path><path fill-rule=\"evenodd\" clip-rule=\"evenodd\" d=\"M43.4938 23.6237H64.5813C66.9705 23.6237 69 25.5507 69 28.0424V44.6112C69 47.1025 66.9705 49.0299 64.5813 49.0299H57.498L62.8887 63.7076C63.1567 64.4368 62.7825 65.2446 62.0537 65.5123C61.2034 65.8247 60.4669 65.271 60.2487 64.6774L54.5021 49.0299H53.5162L47.8279 64.673C47.6019 65.2941 46.86 65.8174 46.0258 65.5138C45.2959 65.2487 44.9191 64.4415 45.1846 63.7117L50.5236 49.0299H45.4816C44.4247 50.991 42.0875 51.5044 40.3645 50.6431L35.8623 48.3923V64.1925C35.8623 64.9689 35.2328 65.5987 34.4561 65.5987H25.4187C24.642 65.5987 24.0125 64.9689 24.0125 64.1925V56.3318C22.2631 55.7433 21 54.0876 21 52.1423V47.6237C21 44.1208 22.968 41.2933 25.5443 39.8439C24.1454 38.6189 23.2595 36.8215 23.2595 34.8206C23.2595 31.1383 26.2551 28.1423 29.9377 28.1423C33.62 28.1423 36.6156 31.1383 36.6156 34.8206C36.6156 36.6095 35.907 38.2355 34.7574 39.4355C34.8929 39.4945 35.0273 39.5568 35.1595 39.6227L39.0751 41.5698V28.0424C39.0751 25.606 41.0574 23.6237 43.4938 23.6237ZM29.9374 30.9548C27.806 30.9548 26.072 32.6888 26.072 34.8206C26.072 36.9519 27.806 38.6859 29.9374 38.6859C32.0691 38.6859 33.8031 36.9519 33.8031 34.8206C33.8031 32.6888 32.0691 30.9548 29.9374 30.9548ZM43.0736 47.5392L43.0781 47.5262C43.2184 47.1263 43.0375 46.6825 42.657 46.4935C40.8805 45.6088 33.9053 42.14 33.9053 42.14C33.0641 41.72 32.1226 41.4988 31.1799 41.4988H29.9374C26.6104 41.4988 23.8125 44.1875 23.8125 47.6237V52.1423C23.8125 53.0282 24.5328 53.7485 25.4187 53.7485C26.1951 53.7485 26.825 54.3784 26.825 55.1548V62.7862H33.0498V46.1174C33.0498 45.0726 34.1514 44.3929 35.0845 44.8595C35.0845 44.8595 38.9484 46.7898 41.6224 48.1276C41.8923 48.2623 42.2084 48.2744 42.4893 48.1602C42.7548 48.051 42.9716 47.8254 43.0675 47.5577C43.0687 47.5538 43.07 47.5499 43.0713 47.546C43.072 47.5437 43.0728 47.5415 43.0736 47.5392ZM65.7177 45.7472C66.0209 45.444 66.1875 45.0408 66.1875 44.6112V28.0424C66.1875 27.6128 66.0209 27.2096 65.718 26.9071C65.4192 26.6075 65.005 26.4362 64.5813 26.4362H43.4938C42.6079 26.4362 41.8876 27.1569 41.8876 28.0424V42.9687C42.5786 43.3123 43.2235 43.6334 43.7783 43.9099L46.7549 37.9572C47.1024 37.2625 47.9473 36.9812 48.6416 37.3284C49.3363 37.6759 49.6176 38.5204 49.2704 39.2151L45.7804 46.1947C45.783 46.202 45.7848 46.2097 45.7874 46.2174H64.5813C65.005 46.2174 65.4192 46.046 65.7177 45.7472ZM46.5063 29.6486H61.5689C62.3456 29.6486 62.9752 30.2781 62.9752 31.0548C62.9752 31.8315 62.3453 32.4611 61.5689 32.4611H46.5063C45.7296 32.4611 45.1 31.8315 45.1 31.0548C45.1 30.2781 45.7296 29.6486 46.5063 29.6486ZM61.5688 34.9205H54.0373C53.261 34.9205 52.6311 35.55 52.6311 36.3268C52.6311 37.1035 53.261 37.733 54.0373 37.733H61.5688C62.3452 37.733 62.9751 37.1035 62.9751 36.3268C62.9751 35.55 62.3456 34.9205 61.5688 34.9205ZM54.0373 40.1925H61.5688C62.3456 40.1925 62.9751 40.822 62.9751 41.5988C62.9751 42.3751 62.3452 43.005 61.5688 43.005H54.0373C53.261 43.005 52.6311 42.3751 52.6311 41.5988C52.6311 40.822 53.261 40.1925 54.0373 40.1925Z\" fill=\"#ED1C24\"><\/path><\/svg>\t\t\t<\/div>\n\t\t<\/div>\n\t\t\t\t<\/div>\n\t\t\t\t<\/div>\n\t\t\t\t\t<\/div>\n\t\t<\/div>\n\t\t\t\t<div class=\"elementor-column elementor-col-50 elementor-inner-column elementor-element elementor-element-c60435d\" data-id=\"c60435d\" data-element_type=\"column\">\n\t\t\t<div class=\"elementor-widget-wrap elementor-element-populated\">\n\t\t\t\t\t\t\t<\/div>\n\t\t<\/div>\n\t\t\t\t\t<\/div>\n\t\t<\/section>\n\t\t\t\t<div class=\"elementor-element elementor-element-3115a42 elementor-widget elementor-widget-text-editor\" data-id=\"3115a42\" data-element_type=\"widget\" data-widget_type=\"text-editor.default\">\n\t\t\t\t<div class=\"elementor-widget-container\">\n\t\t\t\t\t\t\t<p><strong>Synimi i kompanis\u00eb Megapharm p\u00ebr nj\u00eb sh\u00ebrbim sa m\u00eb cil\u00ebsor dhe t\u00eb garantuar n\u00eb p\u00ebrputhje me <\/strong><strong>k\u00ebrkesat e shoq\u00ebris\u00eb moderne,<br \/>e ka kthyer n\u00eb mision edukimin dhe trajnimin e vazhduesh\u00ebm t\u00eb <\/strong><strong>profesionist\u00ebve t\u00eb saj.<\/strong><\/p><p>Ne u mund\u00ebsojm\u00eb stafit dhe partner\u00ebve tan\u00eb n\u00eb sektorin e sh\u00ebndetit pjes\u00ebmarrje n\u00eb trajnime dhe aktivitete q\u00eb zhvillojn\u00eb njohurit\u00eb <br \/>e tyre profesionale.<br \/><br \/>Investimi n\u00eb edukim dhe trajnim profesional \u00ebsht\u00eb investim n\u00eb produktivitet dhe, si i till\u00eb, p\u00ebrb\u00ebn nj\u00eb hallk\u00eb ky\u00e7e t\u00eb pun\u00ebs ton\u00eb.<\/p>\t\t\t\t\t\t<\/div>\n\t\t\t\t<\/div>\n\t\t\t\t\t<\/div>\n\t\t<\/div>\n\t\t\t\t\t<\/div>\n\t\t<\/section>\n\t\t\t\t<\/div>\n\t\t","protected":false},"excerpt":{"rendered":"<p>Synimi i kompanis\u00eb Megapharm p\u00ebr nj\u00eb sh\u00ebrbim sa m\u00eb cil\u00ebsor dhe t\u00eb garantuar n\u00eb p\u00ebrputhje me k\u00ebrkesat e shoq\u00ebris\u00eb moderne,e ka kthyer n\u00eb mision edukimin dhe trajnimin e vazhduesh\u00ebm t\u00eb profesionist\u00ebve t\u00eb saj. Ne u mund\u00ebsojm\u00eb stafit dhe partner\u00ebve tan\u00eb n\u00eb sektorin e sh\u00ebndetit pjes\u00ebmarrje n\u00eb trajnime dhe aktivitete q\u00eb zhvillojn\u00eb njohurit\u00eb e tyre profesionale. [&hellip;]<\/p>\n","protected":false},"author":1,"featured_media":0,"parent":0,"menu_order":0,"comment_status":"closed","ping_status":"closed","template":"elementor_header_footer","meta":{"footnotes":""},"class_list":["post-7411","page","type-page","status-publish","hentry"],"_links":{"self":[{"href":"https:\/\/megapharm.al\/index.php?rest_route=\/wp\/v2\/pages\/7411","targetHints":{"allow":["GET"]}}],"collection":[{"href":"https:\/\/megapharm.al\/index.php?rest_route=\/wp\/v2\/pages"}],"about":[{"href":"https:\/\/megapharm.al\/index.php?rest_route=\/wp\/v2\/types\/page"}],"author":[{"embeddable":true,"href":"https:\/\/megapharm.al\/index.php?rest_route=\/wp\/v2\/users\/1"}],"replies":[{"embeddable":true,"href":"https:\/\/megapharm.al\/index.php?rest_route=%2Fwp%2Fv2%2Fcomments&post=7411"}],"version-history":[{"count":7,"href":"https:\/\/megapharm.al\/index.php?rest_route=\/wp\/v2\/pages\/7411\/revisions"}],"predecessor-version":[{"id":7421,"href":"https:\/\/megapharm.al\/index.php?rest_route=\/wp\/v2\/pages\/7411\/revisions\/7421"}],"wp:attachment":[{"href":"https:\/\/megapharm.al\/index.php?rest_route=%2Fwp%2Fv2%2Fmedia&parent=7411"}],"curies":[{"name":"wp","href":"https:\/\/api.w.org\/{rel}","templated":true}]}}