{"id":7400,"date":"2021-12-15T22:04:43","date_gmt":"2021-12-15T22:04:43","guid":{"rendered":"https:\/\/megapharm.al\/?page_id=7400"},"modified":"2021-12-15T22:22:46","modified_gmt":"2021-12-15T22:22:46","slug":"marketingu","status":"publish","type":"page","link":"https:\/\/megapharm.al\/?page_id=7400","title":{"rendered":"Marketingu"},"content":{"rendered":"\t\t<div data-elementor-type=\"wp-page\" data-elementor-id=\"7400\" class=\"elementor elementor-7400\" data-elementor-post-type=\"page\">\n\t\t\t\t\t\t<section data-particle_enable=\"false\" data-particle-mobile-disabled=\"false\" class=\"elementor-section elementor-top-section elementor-element elementor-element-f4828c2 elementor-section-boxed elementor-section-height-default elementor-section-height-default\" data-id=\"f4828c2\" data-element_type=\"section\" data-settings=\"{&quot;background_background&quot;:&quot;classic&quot;,&quot;shape_divider_bottom&quot;:&quot;tilt&quot;}\">\n\t\t\t\t\t<div class=\"elementor-shape elementor-shape-bottom\" data-negative=\"false\">\n\t\t\t<svg xmlns=\"http:\/\/www.w3.org\/2000\/svg\" viewBox=\"0 0 1000 100\" preserveAspectRatio=\"none\">\n\t<path class=\"elementor-shape-fill\" d=\"M0,6V0h1000v100L0,6z\"\/>\n<\/svg>\t\t<\/div>\n\t\t\t\t\t<div class=\"elementor-container elementor-column-gap-no\">\n\t\t\t\t\t<div class=\"elementor-column elementor-col-100 elementor-top-column elementor-element elementor-element-d30ed80\" data-id=\"d30ed80\" data-element_type=\"column\">\n\t\t\t<div class=\"elementor-widget-wrap\">\n\t\t\t\t\t\t\t<\/div>\n\t\t<\/div>\n\t\t\t\t\t<\/div>\n\t\t<\/section>\n\t\t\t\t<section data-particle_enable=\"false\" data-particle-mobile-disabled=\"false\" class=\"elementor-section elementor-top-section elementor-element elementor-element-2f806fc elementor-section-boxed elementor-section-height-default elementor-section-height-default\" data-id=\"2f806fc\" data-element_type=\"section\">\n\t\t\t\t\t\t<div class=\"elementor-container elementor-column-gap-default\">\n\t\t\t\t\t<div class=\"elementor-column elementor-col-100 elementor-top-column elementor-element elementor-element-ca48986\" data-id=\"ca48986\" data-element_type=\"column\">\n\t\t\t<div class=\"elementor-widget-wrap elementor-element-populated\">\n\t\t\t\t\t\t<section data-particle_enable=\"false\" data-particle-mobile-disabled=\"false\" class=\"elementor-section elementor-inner-section elementor-element elementor-element-3eddc3c elementor-section-boxed elementor-section-height-default elementor-section-height-default\" data-id=\"3eddc3c\" data-element_type=\"section\">\n\t\t\t\t\t\t<div class=\"elementor-container elementor-column-gap-default\">\n\t\t\t\t\t<div class=\"elementor-column elementor-col-50 elementor-inner-column elementor-element elementor-element-3c4f959\" data-id=\"3c4f959\" data-element_type=\"column\">\n\t\t\t<div class=\"elementor-widget-wrap elementor-element-populated\">\n\t\t\t\t\t\t<div class=\"elementor-element elementor-element-b73cbb6 elementor-view-default elementor-widget elementor-widget-icon\" data-id=\"b73cbb6\" data-element_type=\"widget\" data-widget_type=\"icon.default\">\n\t\t\t\t<div class=\"elementor-widget-container\">\n\t\t\t\t\t<div class=\"elementor-icon-wrapper\">\n\t\t\t<div class=\"elementor-icon\">\n\t\t\t<svg xmlns=\"http:\/\/www.w3.org\/2000\/svg\" width=\"89\" height=\"89\" viewBox=\"0 0 89 89\" fill=\"none\"><path opacity=\"0.1\" fill-rule=\"evenodd\" clip-rule=\"evenodd\" d=\"M44.5 89C69.0767 89 89 69.0767 89 44.5C89 19.9233 69.0767 0 44.5 0C19.9233 0 0 19.9233 0 44.5C0 69.0767 19.9233 89 44.5 89Z\" fill=\"#ED1C24\"><\/path><path d=\"M68 43.0563C67.9969 40.3926 66.9215 37.8388 65.0097 35.9553C63.0978 34.0717 60.5057 33.0122 57.8019 33.0092H48.9341C48.8184 33.0092 37.2174 32.9031 26.1002 23.717C25.6479 23.3424 25.0964 23.1028 24.5106 23.0264C23.9248 22.95 23.3291 23.04 22.7934 23.2857C22.2577 23.5315 21.8044 23.9228 21.4867 24.4136C21.169 24.9045 21.0002 25.4745 21.0001 26.0566V60.056C20.9964 60.6383 21.1633 61.2093 21.4808 61.7005C21.7983 62.1917 22.2529 62.5822 22.79 62.8252C23.2033 63.0165 23.6541 63.116 24.1107 63.1168C24.8394 63.1153 25.5442 62.86 26.1002 62.3958C34.984 55.0549 44.2321 53.5125 47.6039 53.1892V61.3418C47.6033 61.8452 47.7292 62.341 47.9703 62.7849C48.2114 63.2288 48.5602 63.607 48.9857 63.8859L51.4228 65.4864C51.8367 65.7582 52.3108 65.9281 52.8052 65.9817C53.2996 66.0352 53.7998 65.971 54.2637 65.7943C54.7276 65.6176 55.1417 65.3336 55.4709 64.9664C55.8002 64.5991 56.035 64.1592 56.1556 63.6838L58.8541 53.0501C61.362 52.7906 63.6837 51.6262 65.3723 49.7811C67.0608 47.936 67.9968 45.5406 68 43.0563V43.0563ZM24.3907 60.3875C24.3268 60.4436 24.2473 60.4796 24.1624 60.4907C24.0776 60.5019 23.9913 60.4877 23.9147 60.45C23.8372 60.4169 23.7715 60.3617 23.7262 60.2914C23.6808 60.2212 23.6579 60.1392 23.6604 60.056V26.0566C23.6579 25.9735 23.6808 25.8915 23.7261 25.8212C23.7714 25.751 23.837 25.6957 23.9145 25.6626C23.9756 25.6341 24.0422 25.6189 24.1098 25.6183C24.2135 25.6193 24.3133 25.6573 24.3907 25.7253C34.1201 33.7643 44.0689 35.279 47.6039 35.5638V50.5484C44.0689 50.8332 34.1203 52.3481 24.3907 60.3875V60.3875ZM53.5749 63.0482C53.5576 63.1162 53.524 63.179 53.477 63.2315C53.4299 63.284 53.3707 63.3245 53.3044 63.3498C53.2381 63.375 53.1666 63.3842 53.096 63.3765C53.0253 63.3689 52.9576 63.3446 52.8985 63.3058L50.4616 61.7052C50.4008 61.6654 50.3509 61.6114 50.3165 61.548C50.2821 61.4845 50.2641 61.4137 50.2643 61.3418V53.1034H56.0982L53.5749 63.0482ZM57.8019 50.4824H50.2643V35.6302H57.8019C59.8011 35.6302 61.7183 36.4126 63.1319 37.8053C64.5455 39.1979 65.3396 41.0868 65.3396 43.0563C65.3396 45.0258 64.5455 46.9147 63.1319 48.3074C61.7183 49.7 59.8011 50.4824 57.8019 50.4824V50.4824Z\" fill=\"#ED1C24\"><\/path><\/svg>\t\t\t<\/div>\n\t\t<\/div>\n\t\t\t\t<\/div>\n\t\t\t\t<\/div>\n\t\t\t\t\t<\/div>\n\t\t<\/div>\n\t\t\t\t<div class=\"elementor-column elementor-col-50 elementor-inner-column elementor-element elementor-element-5e1d7fa\" data-id=\"5e1d7fa\" data-element_type=\"column\">\n\t\t\t<div class=\"elementor-widget-wrap elementor-element-populated\">\n\t\t\t\t\t\t\t<\/div>\n\t\t<\/div>\n\t\t\t\t\t<\/div>\n\t\t<\/section>\n\t\t\t\t<div class=\"elementor-element elementor-element-d5a1787 elementor-widget elementor-widget-text-editor\" data-id=\"d5a1787\" data-element_type=\"widget\" data-widget_type=\"text-editor.default\">\n\t\t\t\t<div class=\"elementor-widget-container\">\n\t\t\t\t\t\t\t<strong>Megapharm \u00ebsht\u00eb nj\u00eb nga importuesit dhe distributor\u00ebt kryesor\u00eb n\u00eb vend me nj\u00eb ekperienc\u00eb prej <\/strong><strong>m\u00eb shum\u00eb se 25 vitesh n\u00eb treg.<\/strong>\n\nGjat\u00eb k\u00ebsaj periudhe, ne kemi ngritur nj\u00eb struktur\u00eb efikase profesionist\u00ebsh, e cila mbulon t\u00eb gjitha hallkat e zinxhirit, q\u00eb nga regjistrimi i produkteve farmaceutike, importi i tyre, menaxhimi, shp\u00ebrndarja, monitorimi i standardeve t\u00eb cil\u00ebsis\u00eb e deri tek pacienti.\n\nEkipi yn\u00eb p\u00ebrb\u00ebhet nga profesionist\u00eb t\u00eb marketingut. P\u00ebrfaq\u00ebsuesit mjek\u00ebsor\u00eb dhe agjent\u00ebt e shitjes jan\u00eb n\u00eb kontakt t\u00eb p\u00ebrditsh\u00ebm me personelin sh\u00ebndet\u00ebsor dhe farmacit\u00eb, duke u q\u00ebndruar gjithnj\u00eb pran\u00eb klient\u00ebve dhe duke u dh\u00ebn\u00eb p\u00ebrgjigje t\u00eb shpejt\u00eb k\u00ebrkesave t\u00eb tyre. Studimi i tregut dhe strategjit\u00eb e ndryshme t\u00eb marketingut na japin mund\u00ebsin\u00eb q\u00eb t\u2019i ofrojm\u00eb klientit alternativ\u00ebn m\u00eb t\u00eb mir\u00eb t\u00eb mundshme.\n\nMegapharm \u00ebsht\u00eb angazhuar edhe n\u00eb marketingun digjital n\u00ebp\u00ebrmjet rrjeteve sociale, fal\u00eb t\u00eb cilave synon t\u2019i q\u00ebndroj\u00eb pran\u00eb klientit dhe partner\u00ebve, duke ofruar informacion t\u00eb p\u00ebrdit\u00ebsuar mbi produktet tona n\u00ebp\u00ebrmjet teknologjive bashk\u00ebkohore.\t\t\t\t\t\t<\/div>\n\t\t\t\t<\/div>\n\t\t\t\t\t<\/div>\n\t\t<\/div>\n\t\t\t\t\t<\/div>\n\t\t<\/section>\n\t\t\t\t<\/div>\n\t\t","protected":false},"excerpt":{"rendered":"<p>Megapharm \u00ebsht\u00eb nj\u00eb nga importuesit dhe distributor\u00ebt kryesor\u00eb n\u00eb vend me nj\u00eb ekperienc\u00eb prej m\u00eb shum\u00eb se 25 vitesh n\u00eb treg. Gjat\u00eb k\u00ebsaj periudhe, ne kemi ngritur nj\u00eb struktur\u00eb efikase profesionist\u00ebsh, e cila mbulon t\u00eb gjitha hallkat e zinxhirit, q\u00eb nga regjistrimi i produkteve farmaceutike, importi i tyre, menaxhimi, shp\u00ebrndarja, monitorimi i standardeve t\u00eb cil\u00ebsis\u00eb [&hellip;]<\/p>\n","protected":false},"author":1,"featured_media":0,"parent":0,"menu_order":0,"comment_status":"closed","ping_status":"closed","template":"elementor_header_footer","meta":{"footnotes":""},"class_list":["post-7400","page","type-page","status-publish","hentry"],"_links":{"self":[{"href":"https:\/\/megapharm.al\/index.php?rest_route=\/wp\/v2\/pages\/7400","targetHints":{"allow":["GET"]}}],"collection":[{"href":"https:\/\/megapharm.al\/index.php?rest_route=\/wp\/v2\/pages"}],"about":[{"href":"https:\/\/megapharm.al\/index.php?rest_route=\/wp\/v2\/types\/page"}],"author":[{"embeddable":true,"href":"https:\/\/megapharm.al\/index.php?rest_route=\/wp\/v2\/users\/1"}],"replies":[{"embeddable":true,"href":"https:\/\/megapharm.al\/index.php?rest_route=%2Fwp%2Fv2%2Fcomments&post=7400"}],"version-history":[{"count":5,"href":"https:\/\/megapharm.al\/index.php?rest_route=\/wp\/v2\/pages\/7400\/revisions"}],"predecessor-version":[{"id":7408,"href":"https:\/\/megapharm.al\/index.php?rest_route=\/wp\/v2\/pages\/7400\/revisions\/7408"}],"wp:attachment":[{"href":"https:\/\/megapharm.al\/index.php?rest_route=%2Fwp%2Fv2%2Fmedia&parent=7400"}],"curies":[{"name":"wp","href":"https:\/\/api.w.org\/{rel}","templated":true}]}}